{"id":20893,"date":"2023-08-06T18:27:34","date_gmt":"2023-08-06T15:27:34","guid":{"rendered":"https:\/\/epsilonn.com.tr\/ar\/?page_id=20893"},"modified":"2023-09-19T21:42:43","modified_gmt":"2023-09-19T18:42:43","slug":"deri","status":"publish","type":"page","link":"https:\/\/epsilonn.com.tr\/ar\/deri\/","title":{"rendered":"\u062c\u0644\u062f"},"content":{"rendered":"\t\t<div data-elementor-type=\"wp-page\" data-elementor-id=\"20893\" class=\"elementor elementor-20893\" data-elementor-post-type=\"page\">\n\t\t\t\t\t\t<div class=\"elementor-inner\">\n\t\t\t\t<div class=\"elementor-section-wrap\">\n\t\t\t\t\t\t\t\t\t<section class=\"elementor-section elementor-top-section elementor-element elementor-element-26640222 elementor-section-height-min-height elementor-section-stretched elementor-section-boxed elementor-section-height-default elementor-section-items-middle\" data-id=\"26640222\" data-element_type=\"section\" data-settings=\"{&quot;background_background&quot;:&quot;classic&quot;,&quot;stretch_section&quot;:&quot;section-stretched&quot;,&quot;_ha_eqh_enable&quot;:false}\">\n\t\t\t\t\t\t\t<div class=\"elementor-background-overlay\"><\/div>\n\t\t\t\t\t\t\t<div class=\"elementor-container elementor-column-gap-default\">\n\t\t\t\t\t\t\t<div class=\"elementor-row\">\n\t\t\t\t\t<div class=\"elementor-column elementor-col-100 elementor-top-column elementor-element elementor-element-763e4a52\" data-id=\"763e4a52\" data-element_type=\"column\">\n\t\t\t<div class=\"elementor-column-wrap elementor-element-populated\">\n\t\t\t\t\t\t\t<div class=\"elementor-widget-wrap\">\n\t\t\t\t\t\t<div class=\"elementor-element elementor-element-7b9c2559 elementor-widget elementor-widget-heading\" data-id=\"7b9c2559\" data-element_type=\"widget\" data-widget_type=\"heading.default\">\n\t\t\t\t<div class=\"elementor-widget-container\">\n\t\t\t<h2 class=\"elementor-heading-title elementor-size-default\">\u0635\u0646\u0627\u0639\u0629 \u0627\u0644\u062c\u0644\u0648\u062f \u0648\u062e\u062f\u0645\u0627\u062a\u0646\u0627<\/h2>\t\t<\/div>\n\t\t\t\t<\/div>\n\t\t\t\t<div class=\"elementor-element elementor-element-73f02348 elementor-widget elementor-widget-heading\" data-id=\"73f02348\" data-element_type=\"widget\" data-widget_type=\"heading.default\">\n\t\t\t\t<div class=\"elementor-widget-container\">\n\t\t\t<h2 class=\"elementor-heading-title elementor-size-default\">\u0627\u0644\u062c\u0644\u0648\u062f \u0648 Maxsimoon<\/h2>\t\t<\/div>\n\t\t\t\t<\/div>\n\t\t\t\t\t\t<\/div>\n\t\t\t\t\t<\/div>\n\t\t<\/div>\n\t\t\t\t\t\t\t\t<\/div>\n\t\t\t\t\t<\/div>\n\t\t<\/section>\n\t\t\t\t<section class=\"elementor-section elementor-top-section elementor-element elementor-element-57d6282d elementor-section-stretched elementor-section-boxed elementor-section-height-default elementor-section-height-default\" data-id=\"57d6282d\" data-element_type=\"section\" data-settings=\"{&quot;background_background&quot;:&quot;classic&quot;,&quot;stretch_section&quot;:&quot;section-stretched&quot;,&quot;_ha_eqh_enable&quot;:false}\">\n\t\t\t\t\t\t<div class=\"elementor-container elementor-column-gap-default\">\n\t\t\t\t\t\t\t<div class=\"elementor-row\">\n\t\t\t\t\t<div class=\"elementor-column elementor-col-100 elementor-top-column elementor-element elementor-element-6d983b1a\" data-id=\"6d983b1a\" data-element_type=\"column\">\n\t\t\t<div class=\"elementor-column-wrap elementor-element-populated\">\n\t\t\t\t\t\t\t<div class=\"elementor-widget-wrap\">\n\t\t\t\t\t\t<section class=\"elementor-section elementor-inner-section elementor-element elementor-element-28ef9442 elementor-section-boxed elementor-section-height-default elementor-section-height-default\" data-id=\"28ef9442\" data-element_type=\"section\" data-settings=\"{&quot;_ha_eqh_enable&quot;:false}\">\n\t\t\t\t\t\t<div class=\"elementor-container elementor-column-gap-no\">\n\t\t\t\t\t\t\t<div class=\"elementor-row\">\n\t\t\t\t\t<div class=\"elementor-column elementor-col-100 elementor-inner-column elementor-element elementor-element-3459525c\" data-id=\"3459525c\" data-element_type=\"column\">\n\t\t\t<div class=\"elementor-column-wrap elementor-element-populated\">\n\t\t\t\t\t\t\t<div class=\"elementor-widget-wrap\">\n\t\t\t\t\t\t<div class=\"elementor-element elementor-element-613827a8 ha-card--right ha-card--tablet-right ha-card--mobile-top elementor-widget elementor-widget-ha-card happy-addon ha-card\" data-id=\"613827a8\" data-element_type=\"widget\" data-widget_type=\"ha-card.default\">\n\t\t\t\t<div class=\"elementor-widget-container\">\n\t\t\t\n\t\t\t\t\t<figure class=\"ha-card-figure\">\n\t\t\t\t<img loading=\"lazy\" decoding=\"async\" width=\"845\" height=\"684\" src=\"https:\/\/epsilonn.com.tr\/ar\/wp-content\/uploads\/2023\/08\/epsilon_kurk_deri.jpeg\" class=\"attachment-full size-full wp-image-20992\" alt=\"\" srcset=\"https:\/\/epsilonn.com.tr\/ar\/wp-content\/uploads\/2023\/08\/epsilon_kurk_deri.jpeg 845w, https:\/\/epsilonn.com.tr\/ar\/wp-content\/uploads\/2023\/08\/epsilon_kurk_deri-300x243.jpeg 300w, https:\/\/epsilonn.com.tr\/ar\/wp-content\/uploads\/2023\/08\/epsilon_kurk_deri-768x622.jpeg 768w\" sizes=\"auto, (max-width: 845px) 100vw, 845px\" \/>\t\t\t\t\t\t\t<\/figure>\n\t\t\n\t\t<div class=\"ha-card-body\">\n\n\t\t\t<h2 class=\"ha-card-title\">\u0645\u0628\u064a\u0639\u0627\u062a \u0627\u0644\u062c\u0644\u0648\u062f<\/h2>\n\t\t\t\t\t\t\t<div class=\"ha-card-text\">\n\t\t\t\t\t<p>\u0628\u0641\u0636\u0644 \u062e\u0628\u0631\u062a\u0647\u0627 \u0627\u0644\u0628\u0627\u0644\u063a\u0629 25 \u0639\u0627\u0645\u064b\u0627\u060c \u062a\u0648\u0641\u0631 \u0634\u0631\u0643\u062a\u0646\u0627 \u0627\u0644\u0645\u0646\u062a\u062c\u0627\u062a \u0644\u0639\u0645\u0644\u0627\u0621 \u0627\u0644\u0645\u0644\u0627\u0628\u0633 \u0641\u064a \u0633\u0648\u0642 \u0627\u0644\u0634\u0631\u0642 \u0627\u0644\u0623\u0642\u0635\u0649 \u0639\u0646 \u0637\u0631\u064a\u0642 \u0634\u0631\u0627\u0621 \u0627\u0644\u0645\u0646\u062a\u062c\u0627\u062a \u0645\u0646 \u0627\u0644\u0634\u0631\u0643\u0627\u062a \u0627\u0644\u0645\u0635\u0646\u0639\u0629 \u0641\u064a \u062a\u0631\u0643\u064a\u0627.<\/p>\n\t\t\t\t<\/div>\n\t\t\t\n\t\t\t<a class=\"ha-btn\" href=\"https:\/\/epsilonn.com.tr\/ar\/deri\/deri-satis\/\"><span class=\"ha-btn-text\">\u0645\u0639\u0644\u0648\u0645\u0627\u062a \u0627\u0643\u062b\u0631<\/span><\/a>\t\t<\/div>\n\t\t\t\t<\/div>\n\t\t\t\t<\/div>\n\t\t\t\t\t\t<\/div>\n\t\t\t\t\t<\/div>\n\t\t<\/div>\n\t\t\t\t\t\t\t\t<\/div>\n\t\t\t\t\t<\/div>\n\t\t<\/section>\n\t\t\t\t<section class=\"elementor-section elementor-inner-section elementor-element elementor-element-2c8ce971 elementor-section-boxed elementor-section-height-default elementor-section-height-default\" data-id=\"2c8ce971\" data-element_type=\"section\" data-settings=\"{&quot;_ha_eqh_enable&quot;:false}\">\n\t\t\t\t\t\t<div class=\"elementor-container elementor-column-gap-no\">\n\t\t\t\t\t\t\t<div class=\"elementor-row\">\n\t\t\t\t\t<div class=\"elementor-column elementor-col-100 elementor-inner-column elementor-element elementor-element-120c9803\" data-id=\"120c9803\" data-element_type=\"column\">\n\t\t\t<div class=\"elementor-column-wrap elementor-element-populated\">\n\t\t\t\t\t\t\t<div class=\"elementor-widget-wrap\">\n\t\t\t\t\t\t<div class=\"elementor-element elementor-element-3de34ff0 ha-card--left ha-card--tablet-left ha-card--mobile-top elementor-widget elementor-widget-ha-card happy-addon ha-card\" data-id=\"3de34ff0\" data-element_type=\"widget\" data-widget_type=\"ha-card.default\">\n\t\t\t\t<div class=\"elementor-widget-container\">\n\t\t\t\n\t\t\t\t\t<figure class=\"ha-card-figure\">\n\t\t\t\t<img loading=\"lazy\" decoding=\"async\" width=\"700\" height=\"700\" src=\"https:\/\/epsilonn.com.tr\/ar\/wp-content\/uploads\/2023\/09\/4.png\" class=\"attachment-large size-large wp-image-21299\" alt=\"\" srcset=\"https:\/\/epsilonn.com.tr\/ar\/wp-content\/uploads\/2023\/09\/4.png 700w, https:\/\/epsilonn.com.tr\/ar\/wp-content\/uploads\/2023\/09\/4-300x300.png 300w, https:\/\/epsilonn.com.tr\/ar\/wp-content\/uploads\/2023\/09\/4-150x150.png 150w, https:\/\/epsilonn.com.tr\/ar\/wp-content\/uploads\/2023\/09\/4-120x120.png 120w, https:\/\/epsilonn.com.tr\/ar\/wp-content\/uploads\/2023\/09\/4-45x45.png 45w, https:\/\/epsilonn.com.tr\/ar\/wp-content\/uploads\/2023\/09\/4-36x36.png 36w\" sizes=\"auto, (max-width: 700px) 100vw, 700px\" \/>\t\t\t\t\t\t\t<\/figure>\n\t\t\n\t\t<div class=\"ha-card-body\">\n\n\t\t\t<h2 class=\"ha-card-title\">Maximoon<\/h2>\n\t\t\t\t\t\t\t<div class=\"ha-card-text\">\n\t\t\t\t\t<p>Maximoon olarak kuruldu\u011fumuz zamandan beridir hizmet vermeye devam ediyor, bar\u0131nd\u0131rd\u0131\u011f\u0131m\u0131z ba\u015far\u0131lar\u0131 g\u00fcnden g\u00fcne b\u00fcy\u00fctmeyi s\u00fcrd\u00fcr\u00fcyoruz.\u00a0<\/p>\n\t\t\t\t<\/div>\n\t\t\t\n\t\t\t<a class=\"ha-btn\" href=\"https:\/\/epsilonn.com.tr\/ar\/deri\/maximoon\/\"><span class=\"ha-btn-text\">Detayl\u0131 Bilgi<\/span><\/a>\t\t<\/div>\n\t\t\t\t<\/div>\n\t\t\t\t<\/div>\n\t\t\t\t\t\t<\/div>\n\t\t\t\t\t<\/div>\n\t\t<\/div>\n\t\t\t\t\t\t\t\t<\/div>\n\t\t\t\t\t<\/div>\n\t\t<\/section>\n\t\t\t\t\t\t<\/div>\n\t\t\t\t\t<\/div>\n\t\t<\/div>\n\t\t\t\t\t\t\t\t<\/div>\n\t\t\t\t\t<\/div>\n\t\t<\/section>\n\t\t\t\t\t\t\t\t\t<\/div>\n\t\t\t<\/div>\n\t\t\t\t\t<\/div>\n\t\t","protected":false},"excerpt":{"rendered":"<p>\u0635\u0646\u0627\u0639\u0629 \u0627\u0644\u062c\u0644\u0648\u062f \u0648\u062e\u062f\u0645\u0627\u062a\u0646\u0627 \u0627\u0644\u062c\u0644\u0648\u062f \u0648 Maxsimoon \u0645\u0628\u064a\u0639\u0627\u062a \u0627\u0644\u062c\u0644\u0648\u062f \u0628\u0641\u0636\u0644 \u062e\u0628\u0631\u062a\u0647\u0627 \u0627\u0644\u0628\u0627\u0644\u063a\u0629 25 \u0639\u0627\u0645\u064b\u0627\u060c \u062a\u0648\u0641\u0631 \u0634\u0631\u0643\u062a\u0646\u0627 \u0627\u0644\u0645\u0646\u062a\u062c\u0627\u062a \u0644\u0639\u0645\u0644\u0627\u0621 \u0627\u0644\u0645\u0644\u0627\u0628\u0633 \u0641\u064a \u0633\u0648\u0642 \u0627\u0644\u0634\u0631\u0642 \u0627\u0644\u0623\u0642\u0635\u0649 \u0639\u0646 \u0637\u0631\u064a\u0642 \u0634\u0631\u0627\u0621 \u0627\u0644\u0645\u0646\u062a\u062c\u0627\u062a \u0645\u0646 \u0627\u0644\u0634\u0631\u0643\u0627\u062a \u0627\u0644\u0645\u0635\u0646\u0639\u0629 \u0641\u064a \u062a\u0631\u0643\u064a\u0627. \u0645\u0639\u0644\u0648\u0645\u0627\u062a \u0627\u0643\u062b\u0631 Maximoon Maximoon olarak kuruldu\u011fumuz zamandan beridir hizmet vermeye devam ediyor, bar\u0131nd\u0131rd\u0131\u011f\u0131m\u0131z ba\u015far\u0131lar\u0131 g\u00fcnden g\u00fcne b\u00fcy\u00fctmeyi s\u00fcrd\u00fcr\u00fcyoruz.\u00a0 Detayl\u0131 Bilgi<\/p>\n","protected":false},"author":1,"featured_media":0,"parent":0,"menu_order":0,"comment_status":"closed","ping_status":"closed","template":"","meta":{"inline_featured_image":false,"footnotes":""},"class_list":["post-20893","page","type-page","status-publish","hentry"],"_links":{"self":[{"href":"https:\/\/epsilonn.com.tr\/ar\/wp-json\/wp\/v2\/pages\/20893","targetHints":{"allow":["GET"]}}],"collection":[{"href":"https:\/\/epsilonn.com.tr\/ar\/wp-json\/wp\/v2\/pages"}],"about":[{"href":"https:\/\/epsilonn.com.tr\/ar\/wp-json\/wp\/v2\/types\/page"}],"author":[{"embeddable":true,"href":"https:\/\/epsilonn.com.tr\/ar\/wp-json\/wp\/v2\/users\/1"}],"replies":[{"embeddable":true,"href":"https:\/\/epsilonn.com.tr\/ar\/wp-json\/wp\/v2\/comments?post=20893"}],"version-history":[{"count":0,"href":"https:\/\/epsilonn.com.tr\/ar\/wp-json\/wp\/v2\/pages\/20893\/revisions"}],"wp:attachment":[{"href":"https:\/\/epsilonn.com.tr\/ar\/wp-json\/wp\/v2\/media?parent=20893"}],"curies":[{"name":"wp","href":"https:\/\/api.w.org\/{rel}","templated":true}]}}