{"id":20489,"date":"2023-03-09T06:25:24","date_gmt":"2023-03-09T03:25:24","guid":{"rendered":"https:\/\/epsilonn.com.tr\/tr\/?page_id=20489"},"modified":"2023-09-19T17:03:37","modified_gmt":"2023-09-19T14:03:37","slug":"vatandaslik-ve-ikamet","status":"publish","type":"page","link":"https:\/\/epsilonn.com.tr\/tr\/vatandaslik-ve-ikamet\/","title":{"rendered":"Vatanda\u015fl\u0131k ve \u0130kamet"},"content":{"rendered":"\t\t<div data-elementor-type=\"wp-page\" data-elementor-id=\"20489\" class=\"elementor elementor-20489\" data-elementor-post-type=\"page\">\n\t\t\t\t\t\t<div class=\"elementor-inner\">\n\t\t\t\t<div class=\"elementor-section-wrap\">\n\t\t\t\t\t\t\t\t\t<section class=\"elementor-section elementor-top-section elementor-element elementor-element-8933ff6 elementor-section-content-middle elementor-section-stretched elementor-section-boxed elementor-section-height-default elementor-section-height-default\" data-id=\"8933ff6\" data-element_type=\"section\" data-settings=\"{&quot;stretch_section&quot;:&quot;section-stretched&quot;,&quot;background_background&quot;:&quot;classic&quot;,&quot;_ha_eqh_enable&quot;:false}\">\n\t\t\t\t\t\t<div class=\"elementor-container elementor-column-gap-default\">\n\t\t\t\t\t\t\t<div class=\"elementor-row\">\n\t\t\t\t\t<div class=\"elementor-column elementor-col-50 elementor-top-column elementor-element elementor-element-a25cffb\" data-id=\"a25cffb\" data-element_type=\"column\">\n\t\t\t<div class=\"elementor-column-wrap elementor-element-populated\">\n\t\t\t\t\t\t\t<div class=\"elementor-widget-wrap\">\n\t\t\t\t\t\t<div class=\"elementor-element elementor-element-cafc4b7 elementor-widget elementor-widget-heading\" data-id=\"cafc4b7\" data-element_type=\"widget\" data-widget_type=\"heading.default\">\n\t\t\t\t<div class=\"elementor-widget-container\">\n\t\t\t<h2 class=\"elementor-heading-title elementor-size-default\">Vatanda\u015fl\u0131k \u0130\u015flemleri ve Dan\u0131\u015fmanl\u0131k<\/h2>\t\t<\/div>\n\t\t\t\t<\/div>\n\t\t\t\t<div class=\"elementor-element elementor-element-43d64a8 elementor-widget elementor-widget-text-editor\" data-id=\"43d64a8\" data-element_type=\"widget\" data-widget_type=\"text-editor.default\">\n\t\t\t\t<div class=\"elementor-widget-container\">\n\t\t\t\t\t\t\t\t<div class=\"elementor-text-editor elementor-clearfix\">\n\t\t\t\t<p>Vatanda\u015fl\u0131k ve ikamet dan\u0131\u015fmanl\u0131k hizmetleri, uzman dan\u0131\u015fmanl\u0131k deste\u011fi ile kolay bir \u015fekilde al\u0131nmaktad\u0131r.<\/p>\t\t\t\t\t<\/div>\n\t\t\t\t\t\t<\/div>\n\t\t\t\t<\/div>\n\t\t\t\t\t\t<\/div>\n\t\t\t\t\t<\/div>\n\t\t<\/div>\n\t\t\t\t<div class=\"elementor-column elementor-col-50 elementor-top-column elementor-element elementor-element-04a2ea5\" data-id=\"04a2ea5\" data-element_type=\"column\">\n\t\t\t<div class=\"elementor-column-wrap elementor-element-populated\">\n\t\t\t\t\t\t\t<div class=\"elementor-widget-wrap\">\n\t\t\t\t\t\t<div class=\"elementor-element elementor-element-fec581a elementor-widget elementor-widget-image\" data-id=\"fec581a\" data-element_type=\"widget\" data-widget_type=\"image.default\">\n\t\t\t\t<div class=\"elementor-widget-container\">\n\t\t\t\t\t\t\t\t<div class=\"elementor-image\">\n\t\t\t\t\t\t\t\t\t\t\t\t<img loading=\"lazy\" decoding=\"async\" width=\"1024\" height=\"682\" src=\"https:\/\/epsilonn.com.tr\/tr\/wp-content\/uploads\/2023\/08\/banner2epsilon-1024x682.jpg\" class=\"attachment-large size-large wp-image-20960\" alt=\"\" srcset=\"https:\/\/epsilonn.com.tr\/tr\/wp-content\/uploads\/2023\/08\/banner2epsilon-1024x682.jpg 1024w, https:\/\/epsilonn.com.tr\/tr\/wp-content\/uploads\/2023\/08\/banner2epsilon-300x200.jpg 300w, https:\/\/epsilonn.com.tr\/tr\/wp-content\/uploads\/2023\/08\/banner2epsilon-768x512.jpg 768w, https:\/\/epsilonn.com.tr\/tr\/wp-content\/uploads\/2023\/08\/banner2epsilon-1536x1023.jpg 1536w, https:\/\/epsilonn.com.tr\/tr\/wp-content\/uploads\/2023\/08\/banner2epsilon-105x70.jpg 105w, https:\/\/epsilonn.com.tr\/tr\/wp-content\/uploads\/2023\/08\/banner2epsilon.jpg 1600w\" sizes=\"auto, (max-width: 1024px) 100vw, 1024px\" \/>\t\t\t\t\t\t\t\t\t\t\t\t\t\t<\/div>\n\t\t\t\t\t\t<\/div>\n\t\t\t\t<\/div>\n\t\t\t\t\t\t<\/div>\n\t\t\t\t\t<\/div>\n\t\t<\/div>\n\t\t\t\t\t\t\t\t<\/div>\n\t\t\t\t\t<\/div>\n\t\t<\/section>\n\t\t\t\t<section class=\"elementor-section elementor-top-section elementor-element elementor-element-50c8ecf elementor-section-stretched elementor-section-boxed elementor-section-height-default elementor-section-height-default\" data-id=\"50c8ecf\" data-element_type=\"section\" data-settings=\"{&quot;stretch_section&quot;:&quot;section-stretched&quot;,&quot;background_background&quot;:&quot;classic&quot;,&quot;_ha_eqh_enable&quot;:false}\">\n\t\t\t\t\t\t<div class=\"elementor-container elementor-column-gap-default\">\n\t\t\t\t\t\t\t<div class=\"elementor-row\">\n\t\t\t\t\t<div class=\"elementor-column elementor-col-100 elementor-top-column elementor-element elementor-element-3a73a7a\" data-id=\"3a73a7a\" data-element_type=\"column\">\n\t\t\t<div class=\"elementor-column-wrap elementor-element-populated\">\n\t\t\t\t\t\t\t<div class=\"elementor-widget-wrap\">\n\t\t\t\t\t\t<div class=\"elementor-element elementor-element-6eabddb elementor-widget elementor-widget-text-editor\" data-id=\"6eabddb\" data-element_type=\"widget\" data-widget_type=\"text-editor.default\">\n\t\t\t\t<div class=\"elementor-widget-container\">\n\t\t\t\t\t\t\t\t<div class=\"elementor-text-editor elementor-clearfix\">\n\t\t\t\t<h1 class=\"entry-title\">Vatanda\u015fl\u0131k ve \u0130kamet<\/h1><p class=\"p2\">Yabanc\u0131 uyruklu olan ki\u015filerin vatanda\u015fl\u0131k ve ikamet alabilmesi i\u00e7in birden fazla yol bulunmaktad\u0131r. Yani vatanda\u015fl\u0131k almak i\u00e7in dan\u0131\u015fmanl\u0131k hizmetlerimizden faydalanabilir, etkili bir sonu\u00e7la bulu\u015fabilirsiniz. \u00c7\u00fcnk\u00fc bizler, vatanda\u015fl\u0131k alabilmeniz i\u00e7in sizlere farkl\u0131 alternatif y\u00f6ntemler sunuyoruz. Bu a\u015famada birden fazla y\u00f6ntemin bulundu\u011funu s\u00f6yleyebiliriz. Elbette vatanda\u015fl\u0131k almak, ikamet edinmek i\u00e7in kullan\u0131lan bu y\u00f6ntemlerde farkl\u0131 ko\u015fullar bulunmaktad\u0131r. Bizler de dan\u0131\u015fmanl\u0131k hizmetleri b\u00fcnyesinde t\u00fcm bu se\u00e7enekleri \u00f6ne \u00e7\u0131karmaya devam ediyoruz. Vatanda\u015fl\u0131k alabilmek i\u00e7in gerekli olan ba\u015fvurular\u0131n, belgelerin tamamlanmas\u0131 do\u011frultusunda sizlere eksiksiz bilgi aktarmaya \u00f6nem veriyoruz. Bu y\u00fczden \u00e7al\u0131\u015fmalar\u0131m\u0131z i\u00e7erisinde kuruldu\u011fumuz zamandan bu yana ba\u015far\u0131l\u0131 bir \u015fekilde hizmet vermeye devam ediyoruz.<\/p><p class=\"p2\">Bar\u0131nd\u0131rd\u0131\u011f\u0131m\u0131z \u00e7al\u0131\u015fma standartlar\u0131, profesyonel hizmet anlay\u0131\u015f\u0131yla birlikte m\u00fc\u015fterilerimizin taleplerini en iyi \u015fekilde kar\u015f\u0131l\u0131yoruz. Bar\u0131nd\u0131rd\u0131\u011f\u0131m\u0131z bilgi birikimi ile yola \u00e7\u0131k\u0131yor, vatanda\u015fl\u0131k ve ikamet izinlerinde dikkat edilmesi gerekenleri eksiksiz olarak sunuyoruz. Ayn\u0131 zamanda yerine getirilmesi gereken i\u015flemleri en iyi \u015fekilde belirlerken sizlere kap\u0131lar\u0131n a\u00e7\u0131lmas\u0131 konusunda g\u00fcvenli y\u00f6ntemler sunuyoruz. Bu noktada \u00f6zellikle yat\u0131r\u0131m yaparak kazan\u0131lan vatanda\u015fl\u0131klar konusunda uzmanl\u0131kla destek oluyoruz. Yat\u0131r\u0131m i\u015flemleri i\u00e7erisinde gerekli olan sermaye seviyelerinin ne kadar oldu\u011fu, nelere dikkat edilmesi gerekti\u011fi gibi bir\u00e7ok detayl\u0131 g\u00fcncel olarak aktar\u0131yoruz. \u00d6zellikle yat\u0131r\u0131m, gayrimenkul al\u0131m\u0131 gibi se\u00e7eneklerle do\u011frudan vatanda\u015fl\u0131k sahibi olman\u0131z\u0131 sa\u011flayacak y\u00f6ntemlerle ilgili bilgi edinmenizi sa\u011fl\u0131yoruz.<\/p><h2>Vatanda\u015fl\u0131k Ba\u015fvurusu Dan\u0131\u015fmanl\u0131k Hizmetleri<\/h2><p class=\"p2\">Vatanda\u015fl\u0131k ba\u015fvurusu dan\u0131\u015fmanl\u0131k hizmetleri b\u00fcnyesinde gayrimenkul yat\u0131r\u0131m\u0131 yaparak T\u00fcrk vatanda\u015fl\u0131\u011f\u0131na ge\u00e7mek i\u00e7in gerekli olanlar\u0131 sizlere iletiyoruz. S\u00fcre\u00e7 i\u00e7erisinde yap\u0131lmas\u0131 gerekenlerle ilgili en g\u00fcncel bilgileri aktar\u0131yor, var olan soru i\u015faretlerinin ortadan kalkmas\u0131n\u0131 ama\u00e7 ediniyoruz. Yeni d\u00f6nemde y\u00f6netmelikte yap\u0131lan de\u011fi\u015fikliklerle beraber yabanc\u0131 uyruklu olan ki\u015filer 400.000 dolar de\u011ferinde gayrimenkul alarak T\u00fcrk vatanda\u015fl\u0131\u011f\u0131na ge\u00e7ebilmektedir. Elbette sat\u0131n al\u0131m\u0131 ger\u00e7ekle\u015fen gayrimenkul\u00fcn tapulu olmas\u0131, \u00fc\u00e7 y\u0131l boyunca sat\u0131\u015f\u0131n\u0131n yap\u0131lmamas\u0131 gibi gereklilikler bulunmaktad\u0131r. T\u00fcm bunlara uyum sa\u011flanmas\u0131, sat\u0131n alma i\u015flemlerinin ard\u0131ndan da devaml\u0131l\u0131\u011f\u0131n sa\u011flanmas\u0131 gerekmektedir. Bizler bilmeniz ve yerine getirmeniz gereken t\u00fcm bu kurallar\u0131 sizlere eksiksiz bir bi\u00e7imde aktar\u0131yoruz. Alan\u0131nda e\u011fitimli, yenili\u011fe a\u00e7\u0131k olan ekibimizle profesyonel bir hizmet sunmaya \u00f6nem veriyoruz.<\/p><p class=\"p2\">Bilgi eksikli\u011finin \u00f6n\u00fcne ge\u00e7mek, s\u00fcreci olumlu bir \u015fekilde tamamlamak ad\u0131na sermaye yat\u0131r\u0131m\u0131 gibi konularda da do\u011fru bilgileri alman\u0131z\u0131 \u00f6nemsiyoruz. Sabit sermayeye yat\u0131r\u0131lmas\u0131 gereken miktar\u0131 bildiriyor, sizlere bu konuda sermaye yat\u0131r\u0131m dan\u0131\u015fmanl\u0131\u011f\u0131 hizmetleriyle destek sa\u011fl\u0131yoruz. Ek olarak istihdam yat\u0131r\u0131mlar\u0131 gibi i\u015flemlerin hen\u00fcz y\u00fcr\u00fcrl\u00fc\u011fe girmedi\u011fi gibi bilgileri de sizlere sunmaya \u00f6nem veriyoruz. Gerekli resm\u00ee a\u00e7\u0131klamalar\u0131n yap\u0131lmas\u0131 noktas\u0131nda sizlere dan\u0131\u015fmanl\u0131k yapmak ad\u0131na uzman ekibimizle bir araday\u0131z. T\u00fcrk vatanda\u015fl\u0131\u011f\u0131 almak, ikamet iznine sahip olmak i\u00e7in elde etti\u011finiz bilgilerin do\u011frulu\u011fundan emin olman\u0131z\u0131 sa\u011fl\u0131yoruz. Bu konuda saatlerce ara\u015ft\u0131rma yapman\u0131za gerek kalmadan, k\u0131sa s\u00fcrede sonuca ula\u015fman\u0131z\u0131 ama\u00e7 ediniyoruz. Alan\u0131nda uzman olan ekibimizle, sizin yerine ara\u015ft\u0131rmalar\u0131 yap\u0131yor, ne yapman\u0131z gerekti\u011fi ile ilgili raporlar haz\u0131rl\u0131yor ve sizinle ileti\u015fime ge\u00e7iyoruz. Bu sayede asl\u0131nda yap\u0131lmas\u0131 gerekenleri sizin yerinize \u00f6\u011frenerek, elde edilen bilgileri basitle\u015ftirip size aktar\u0131yoruz.<\/p><h2>\u0130kamet \u0130zni Dan\u0131\u015fmanl\u0131k Hizmetleri<\/h2><p class=\"p2\">\u0130kamet izni, ki\u015finin belirli bir s\u00fcre ile \u00fclke i\u00e7erisinde bar\u0131nmas\u0131 i\u00e7in verilen izindir. \u0130kamet iznin al\u0131nmas\u0131 ve verilen s\u00fcreler de ki\u015finin T\u00fcrkiye\u2019ye ne ama\u00e7la geldi\u011fine g\u00f6re de\u011fi\u015fiklik g\u00f6stermektedir. Ayn\u0131 zamanda ba\u015fvuruda bulunan ki\u015finin uyru\u011fu, \u00fclkenin veri taban\u0131nda bulunan bilgileri gibi se\u00e7eneklere g\u00f6re de\u011ferlendirilmektedir. \u0130kamet izni s\u00fcreli ve s\u00fcresiz ba\u015fta olmak \u00fczere bir\u00e7ok se\u00e7enekle verilmektedir. Elbette ikamet izninin al\u0131nmas\u0131 noktas\u0131nda dikkat edilmesi gereken bir\u00e7ok detay bulunmaktad\u0131r. Bizler ikamet izni dan\u0131\u015fmanl\u0131\u011f\u0131 b\u00fcnyesinde t\u00fcm bu standartlara uygun olarak ilerlemenize yard\u0131mc\u0131 oluyoruz. \u0130kamet izni dan\u0131\u015fmanl\u0131k hizmetlerimiz i\u00e7erisinde farkl\u0131 ba\u015fl\u0131klar bulunduruyoruz. \u0130lk kez ikamet izni al\u0131nmas\u0131, ikamet izninin yenilenmesi veyahut s\u00fcrenin uzat\u0131lmas\u0131 gibi dan\u0131\u015fmanl\u0131k hizmetleri veriyoruz. Farkl\u0131 pozisyonlar ve durumlar i\u00e7in de ikamet izni dan\u0131\u015fmanl\u0131\u011f\u0131 hizmetlerimizden destek alabilirsiniz.<\/p><p class=\"p2\">\u00c7al\u0131\u015fmalar\u0131m\u0131z b\u00fcnyesinde uzman ve deneyimli ekibimizle yan\u0131n\u0131zda yer al\u0131yoruz. S\u00fcrecin sizin i\u00e7in \u00e7ok daha kolay bir hal almas\u0131n\u0131 \u00f6nemsiyor, \u00e7al\u0131\u015fmalar\u0131m\u0131z i\u00e7erisinde buna uygun olarak hareket etmeye \u00f6nem veriyoruz. \u00d6zellikle dan\u0131\u015fmanl\u0131k hizmetlerinde gerekli olan ara\u015ft\u0131rmalar\u0131 tamaml\u0131yor, bu a\u015famadan sonra dikkatli bir bi\u00e7imde ba\u015fvuruda bulunman\u0131z\u0131 sa\u011fl\u0131yoruz. Asl\u0131nda gerekli onay\u0131n al\u0131nmas\u0131 i\u00e7in uygun \u015fartlar\u0131n olu\u015fturulmas\u0131n\u0131 m\u00fcmk\u00fcn hale getiriyoruz. B\u00f6ylece izin alma a\u015famas\u0131nda ya\u015fayabilece\u011finiz problemlerin de \u00f6n\u00fcne ge\u00e7mi\u015f oluyoruz. Dan\u0131\u015fanlar\u0131m\u0131z\u0131n soru i\u015faretlerini cevapland\u0131r\u0131rken s\u00fcrekli olarak ileti\u015fimde kalmaya odakl\u0131y\u0131z. B\u00f6ylece s\u00fcre\u00e7 i\u00e7erisinde eksik bilgi ak\u0131\u015f\u0131n\u0131n \u00f6n\u00fcne ge\u00e7iyor, endi\u015felerinizi bir kenara b\u0131rakman\u0131za yard\u0131mc\u0131 oluyoruz. \u00d6nceliklerimiz vatanda\u015fl\u0131k ve ikamet alma s\u00fcre\u00e7lerinde, beklentilerinizle bir araya gelmenizdir. Bundan \u00f6t\u00fcr\u00fc T\u00fcrk vatanda\u015fl\u0131\u011f\u0131 ko\u015fullar\u0131 i\u00e7in yap\u0131lan d\u00fczenlemelere, kanunlara uygun bir bi\u00e7imde yap\u0131lmas\u0131 gereken ba\u015fvurular\u0131n\u0131zda sizlere destek sa\u011fl\u0131yoruz. T\u00fcrk vatanda\u015f\u0131 olman\u0131z noktas\u0131nda gerekli olan ko\u015fullar\u0131 sa\u011fl\u0131yor, ba\u015fvuru s\u00fcrecini sizler i\u00e7in anl\u0131k olarak takip ediyor. S\u00fcre\u00e7ten beklentilerinize uygun bir sonu\u00e7 al\u0131nmas\u0131, vatanda\u015fl\u0131k ve ikamet dan\u0131\u015fmanl\u0131\u011f\u0131 ba\u015fvurular\u0131ndan faydalanabilmeniz i\u00e7in bizlerle ileti\u015fime ge\u00e7ebilirsiniz.<\/p><h2>Profesyonel Vatanda\u015fl\u0131k ve \u0130kamet Dan\u0131\u015fmanl\u0131\u011f\u0131<\/h2><p class=\"p2\">Vatanda\u015fl\u0131k ve ikamet dan\u0131\u015fmanl\u0131\u011f\u0131 i\u00e7in birden fazla ko\u015ful bulunmaktad\u0131r. Genel olarak yap\u0131lan ara\u015ft\u0131rmalarla da yat\u0131r\u0131m yoluyla T\u00fcrk vatanda\u015fl\u0131\u011f\u0131 gibi se\u00e7enekler \u00f6ne \u00e7\u0131kmaktad\u0131r. Bu noktada sizlere T\u00fcrk vatanda\u015fl\u0131\u011f\u0131 elde etmenin yollar\u0131 ile ilgili bilgilendirmeler sunuyoruz. Detayl\u0131 olarak yer verdi\u011fimiz bilgilendirmelerle beraber sonradan vatanda\u015fl\u0131\u011f\u0131n kazan\u0131lmas\u0131 ve ikamet izninin kazan\u0131lmas\u0131 ile ilgili bilgi sahibi olman\u0131z\u0131 kolayla\u015ft\u0131r\u0131yoruz. Bu a\u015famada yat\u0131r\u0131m yoluyla vatanda\u015fl\u0131k, genel h\u00fck\u00fcmlere g\u00f6re vatanda\u015fl\u0131k gibi se\u00e7eneklerle kar\u015f\u0131la\u015fabilirsiniz. \u00c7al\u0131\u015fmalar\u0131m\u0131z s\u0131ras\u0131nda sizin i\u00e7in en uygun olan hizmetlerle bir araya gelmenizden yanay\u0131z.<\/p><p class=\"p2\">Dan\u0131\u015fmanl\u0131k hizmetlerimiz i\u00e7erisinde s\u00fcreci en iyi \u015fekilde de\u011ferlendiriyor, s\u00fcreci sizin ad\u0131n\u0131za takip ediyoruz. \u00c7\u00fcnk\u00fc unutulmamal\u0131d\u0131r ki vatanda\u015fl\u0131k i\u015flemlerinin ba\u015flamas\u0131, T\u00fcrk vatanda\u015fl\u0131\u011f\u0131 alaca\u011f\u0131n\u0131z anlam\u0131na gelmez. Gerekli izinlerin al\u0131nmas\u0131, vatanda\u015fl\u0131\u011f\u0131n kabul edilmesi i\u00e7in evraklar\u0131n eksiksiz \u015fekilde haz\u0131rlanmas\u0131, \u015fartlara uygunlu\u011fun g\u00f6sterilmesi gerekmektedir. Bizler t\u00fcm bu a\u015famalarda sizler i\u00e7in en do\u011fru sonu\u00e7lar\u0131 almaya odakl\u0131y\u0131z. \u00d6zellikle ba\u015fvuru s\u00fcre\u00e7lerinin en iyi \u015fekilde tamamlanmas\u0131n\u0131 ama\u00e7larken s\u00fcrecin daha da k\u0131sa s\u00fcrmesini \u00f6nemsiyoruz. B\u00f6ylece vatanda\u015fl\u0131k ve ikamet dan\u0131\u015fmanl\u0131k hizmeti sayesinde uzun bir u\u011fra\u015f vermek zorunda kalm\u0131yorsunuz.<\/p><h3>Epsilon Grup Vatanda\u015fl\u0131k ve \u0130kamet Dan\u0131\u015fmanl\u0131k Hizmetleri<\/h3><p class=\"p2\">Kuruldu\u011fumuz zamandan bu yana Epsilon Grup olarak vatanda\u015fl\u0131k ve ikamet izni alma i\u015flemlerinde dan\u0131\u015fmanl\u0131k hizmeti vermeye devam ediyoruz. Bar\u0131nd\u0131rd\u0131\u011f\u0131m\u0131z uzmanl\u0131k ve profesyonellikle beraber kesintisiz bir hizmet veriyor, sizleri en do\u011fru \u015fekilde bilgilendirmeye \u00f6zen g\u00f6steriyoruz. \u00d6zellikle bar\u0131nd\u0131rd\u0131\u011f\u0131m\u0131z bilgi birikimini ve uzmanl\u0131\u011f\u0131 bu alanda kullanarak i\u015flerinizin daha kolay bir bi\u00e7imde \u00e7\u00f6z\u00fcme odaklanmas\u0131n\u0131 sa\u011fl\u0131yoruz. Dan\u0131\u015fmanl\u0131k hizmeti veren ekibimizle, saatlerce ara\u015ft\u0131rma yapman\u0131za gerek kalmadan, \u00f6nemli detaylar\u0131 \u00f6\u011frenmenizi sa\u011fl\u0131yoruz. Gerekli olan evrak i\u015flerini sizin yerinize hallediyor, yap\u0131lmas\u0131 gerekenleri basit ve anla\u015f\u0131l\u0131r bir \u015fekilde sizlere iletiyoruz.<\/p><p class=\"p2\">Ba\u015fvuru i\u015flemlerinin tamamlanmas\u0131n\u0131n ard\u0131ndan sonuca kadar olan s\u00fcre\u00e7te sizlere anl\u0131k olarak bilgi aktar\u0131m\u0131 sa\u011fl\u0131yoruz. Ayn\u0131 \u015fekilde geli\u015fmelerde oldu\u011fu gibi sonu\u00e7larda da anl\u0131k bilgilendirmelerimizden faydalanabilirsiniz. Dan\u0131\u015fanlar\u0131m\u0131z\u0131n memnuniyetine odakl\u0131, bilin\u00e7li hizmetlerle T\u00fcrkiye\u2019de ikamet izni alma, vatanda\u015fl\u0131k edinme gibi konularda dan\u0131\u015fmanl\u0131k hizmet vermeye devam ediyoruz. G\u00fcvenilir dan\u0131\u015fmanl\u0131k firmas\u0131 olarak tan\u0131n\u0131rken, yeniliklere uyum sa\u011fl\u0131yor, beklentilere denk sonu\u00e7lar alman\u0131z\u0131 \u00f6nemsiyoruz.<\/p>\t\t\t\t\t<\/div>\n\t\t\t\t\t\t<\/div>\n\t\t\t\t<\/div>\n\t\t\t\t\t\t<\/div>\n\t\t\t\t\t<\/div>\n\t\t<\/div>\n\t\t\t\t\t\t\t\t<\/div>\n\t\t\t\t\t<\/div>\n\t\t<\/section>\n\t\t\t\t<section class=\"elementor-section elementor-top-section elementor-element elementor-element-6b7344d elementor-section-stretched elementor-section-boxed elementor-section-height-default elementor-section-height-default\" data-id=\"6b7344d\" data-element_type=\"section\" data-settings=\"{&quot;stretch_section&quot;:&quot;section-stretched&quot;,&quot;_ha_eqh_enable&quot;:false}\">\n\t\t\t\t\t\t<div class=\"elementor-container elementor-column-gap-default\">\n\t\t\t\t\t\t\t<div class=\"elementor-row\">\n\t\t\t\t\t<div class=\"elementor-column elementor-col-100 elementor-top-column elementor-element elementor-element-1e99bf2\" data-id=\"1e99bf2\" data-element_type=\"column\">\n\t\t\t<div class=\"elementor-column-wrap elementor-element-populated\">\n\t\t\t\t\t\t\t<div class=\"elementor-widget-wrap\">\n\t\t\t\t\t\t<div class=\"elementor-element elementor-element-475545f0 elementor-widget elementor-widget-shortcode\" data-id=\"475545f0\" data-element_type=\"widget\" data-widget_type=\"shortcode.default\">\n\t\t\t\t<div class=\"elementor-widget-container\">\n\t\t\t\t\t<div class=\"elementor-shortcode\">\t\t<div data-elementor-type=\"section\" data-elementor-id=\"21827\" class=\"elementor elementor-21827\" data-elementor-post-type=\"elementor_library\">\n\t\t\t\t\t<div class=\"elementor-section-wrap\">\n\t\t\t\t\t\t\t\t<section class=\"elementor-section elementor-top-section elementor-element elementor-element-3ac79814 elementor-section-stretched elementor-section-boxed elementor-section-height-default elementor-section-height-default\" data-id=\"3ac79814\" data-element_type=\"section\" id=\"xs_cta_style_15\" data-settings=\"{&quot;stretch_section&quot;:&quot;section-stretched&quot;,&quot;_ha_eqh_enable&quot;:false}\">\n\t\t\t\t\t\t<div class=\"elementor-container elementor-column-gap-default\">\n\t\t\t\t\t\t\t<div class=\"elementor-row\">\n\t\t\t\t\t<div class=\"elementor-column elementor-col-100 elementor-top-column elementor-element elementor-element-5283ec51\" data-id=\"5283ec51\" data-element_type=\"column\">\n\t\t\t<div class=\"elementor-column-wrap elementor-element-populated\">\n\t\t\t\t\t\t\t<div class=\"elementor-widget-wrap\">\n\t\t\t\t\t\t<section class=\"elementor-section elementor-inner-section elementor-element elementor-element-24da166c elementor-section-full_width elementor-section-height-default elementor-section-height-default\" data-id=\"24da166c\" data-element_type=\"section\" data-settings=\"{&quot;_ha_eqh_enable&quot;:false}\">\n\t\t\t\t\t\t<div class=\"elementor-container elementor-column-gap-default\">\n\t\t\t\t\t\t\t<div class=\"elementor-row\">\n\t\t\t\t\t<div class=\"elementor-column elementor-col-50 elementor-inner-column elementor-element elementor-element-d6ce2b2\" data-id=\"d6ce2b2\" data-element_type=\"column\">\n\t\t\t<div class=\"elementor-column-wrap elementor-element-populated\">\n\t\t\t\t\t\t\t<div class=\"elementor-widget-wrap\">\n\t\t\t\t\t\t<div class=\"elementor-element elementor-element-779921c1 elementor-widget elementor-widget-elementskit-heading\" data-id=\"779921c1\" data-element_type=\"widget\" data-widget_type=\"elementskit-heading.default\">\n\t\t\t\t<div class=\"elementor-widget-container\">\n\t\t\t<div class=\"ekit-wid-con\" ><div class=\"ekit-heading elementskit-section-title-wraper text_left   ekit_heading_tablet-   ekit_heading_mobile-\"><h2 class=\"ekit-heading--title elementskit-section-title \">\u015eimdi Bizimle <span><span>\u0130leti\u015fime<\/span><\/span> Ge\u00e7iniz<\/h2>\t\t\t\t<div class='ekit-heading__description'>\n\t\t\t\t\t<p>Vatanda\u015fl\u0131k veya gayrimenkul hizmetlerimiz hakk\u0131nda detayl\u0131 bilgi almak i\u00e7in \u015fimdi bizimle ileti\u015fime ge\u00e7iniz.<\/p>\n\t\t\t\t<\/div>\n\t\t\t<\/div><\/div>\t\t<\/div>\n\t\t\t\t<\/div>\n\t\t\t\t\t\t<\/div>\n\t\t\t\t\t<\/div>\n\t\t<\/div>\n\t\t\t\t<div class=\"elementor-column elementor-col-50 elementor-inner-column elementor-element elementor-element-4b8c7703\" data-id=\"4b8c7703\" data-element_type=\"column\">\n\t\t\t<div class=\"elementor-column-wrap elementor-element-populated\">\n\t\t\t\t\t\t\t<div class=\"elementor-widget-wrap\">\n\t\t\t\t\t\t<div class=\"elementor-element elementor-element-6d6e49ce elementor-widget elementor-widget-elementskit-button\" data-id=\"6d6e49ce\" data-element_type=\"widget\" data-widget_type=\"elementskit-button.default\">\n\t\t\t\t<div class=\"elementor-widget-container\">\n\t\t\t<div class=\"ekit-wid-con\" >\t\t<div class=\"ekit-btn-wraper\">\n\t\t\t\t\t\t\t<a href=\"tel:+902125582600\" target=\"_blank\" class=\"elementskit-btn  whitespace--normal\" >\n\t\t\t\t\t+90 212 558 26 00\n\t\t\t\t\t<i aria-hidden=\"true\" class=\"fasicon icon-right-arrow\"><\/i>\n\t\t\t\t<\/a>\n\t\t\t\t\t\t<\/div>\n        <\/div>\t\t<\/div>\n\t\t\t\t<\/div>\n\t\t\t\t\t\t<\/div>\n\t\t\t\t\t<\/div>\n\t\t<\/div>\n\t\t\t\t\t\t\t\t<\/div>\n\t\t\t\t\t<\/div>\n\t\t<\/section>\n\t\t\t\t\t\t<\/div>\n\t\t\t\t\t<\/div>\n\t\t<\/div>\n\t\t\t\t\t\t\t\t<\/div>\n\t\t\t\t\t<\/div>\n\t\t<\/section>\n\t\t\t\t\t\t\t<\/div>\n\t\t\t\t<\/div>\n\t\t<\/div>\n\t\t\t\t<\/div>\n\t\t\t\t<\/div>\n\t\t\t\t\t\t<\/div>\n\t\t\t\t\t<\/div>\n\t\t<\/div>\n\t\t\t\t\t\t\t\t<\/div>\n\t\t\t\t\t<\/div>\n\t\t<\/section>\n\t\t\t\t\t\t\t\t\t<\/div>\n\t\t\t<\/div>\n\t\t\t\t\t<\/div>\n\t\t","protected":false},"excerpt":{"rendered":"<p>Vatanda\u015fl\u0131k \u0130\u015flemleri ve Dan\u0131\u015fmanl\u0131k Vatanda\u015fl\u0131k ve ikamet dan\u0131\u015fmanl\u0131k hizmetleri, uzman dan\u0131\u015fmanl\u0131k deste\u011fi ile kolay bir \u015fekilde al\u0131nmaktad\u0131r. Vatanda\u015fl\u0131k ve \u0130kamet Yabanc\u0131 uyruklu olan ki\u015filerin vatanda\u015fl\u0131k ve ikamet alabilmesi i\u00e7in birden fazla yol bulunmaktad\u0131r. Yani vatanda\u015fl\u0131k almak i\u00e7in dan\u0131\u015fmanl\u0131k hizmetlerimizden faydalanabilir, etkili bir sonu\u00e7la bulu\u015fabilirsiniz. \u00c7\u00fcnk\u00fc bizler, vatanda\u015fl\u0131k alabilmeniz i\u00e7in sizlere farkl\u0131 alternatif y\u00f6ntemler sunuyoruz. Bu a\u015famada birden fazla y\u00f6ntemin bulundu\u011funu s\u00f6yleyebiliriz. Elbette vatanda\u015fl\u0131k almak, &#8230;<\/p>\n","protected":false},"author":1,"featured_media":20495,"parent":0,"menu_order":0,"comment_status":"closed","ping_status":"closed","template":"","meta":{"inline_featured_image":false,"footnotes":""},"class_list":["post-20489","page","type-page","status-publish","has-post-thumbnail","hentry"],"_links":{"self":[{"href":"https:\/\/epsilonn.com.tr\/tr\/wp-json\/wp\/v2\/pages\/20489","targetHints":{"allow":["GET"]}}],"collection":[{"href":"https:\/\/epsilonn.com.tr\/tr\/wp-json\/wp\/v2\/pages"}],"about":[{"href":"https:\/\/epsilonn.com.tr\/tr\/wp-json\/wp\/v2\/types\/page"}],"author":[{"embeddable":true,"href":"https:\/\/epsilonn.com.tr\/tr\/wp-json\/wp\/v2\/users\/1"}],"replies":[{"embeddable":true,"href":"https:\/\/epsilonn.com.tr\/tr\/wp-json\/wp\/v2\/comments?post=20489"}],"version-history":[{"count":0,"href":"https:\/\/epsilonn.com.tr\/tr\/wp-json\/wp\/v2\/pages\/20489\/revisions"}],"wp:featuredmedia":[{"embeddable":true,"href":"https:\/\/epsilonn.com.tr\/tr\/wp-json\/wp\/v2\/media\/20495"}],"wp:attachment":[{"href":"https:\/\/epsilonn.com.tr\/tr\/wp-json\/wp\/v2\/media?parent=20489"}],"curies":[{"name":"wp","href":"https:\/\/api.w.org\/{rel}","templated":true}]}}