{"id":20541,"date":"2023-03-13T03:07:24","date_gmt":"2023-03-13T00:07:24","guid":{"rendered":"https:\/\/epsilonn.com.tr\/tr\/?page_id=20541"},"modified":"2023-09-19T17:05:26","modified_gmt":"2023-09-19T14:05:26","slug":"satis-sonrasi-hizmetler","status":"publish","type":"page","link":"https:\/\/epsilonn.com.tr\/tr\/satis-sonrasi-hizmetler\/","title":{"rendered":"Sat\u0131\u015f Sonras\u0131 Hizmetler"},"content":{"rendered":"\t\t<div data-elementor-type=\"wp-page\" data-elementor-id=\"20541\" class=\"elementor elementor-20541\" data-elementor-post-type=\"page\">\n\t\t\t\t\t\t<div class=\"elementor-inner\">\n\t\t\t\t<div class=\"elementor-section-wrap\">\n\t\t\t\t\t\t\t\t\t<section class=\"elementor-section elementor-top-section elementor-element elementor-element-107e8688 elementor-section-content-middle elementor-section-stretched elementor-section-boxed elementor-section-height-default elementor-section-height-default\" data-id=\"107e8688\" data-element_type=\"section\" data-settings=\"{&quot;stretch_section&quot;:&quot;section-stretched&quot;,&quot;background_background&quot;:&quot;classic&quot;,&quot;_ha_eqh_enable&quot;:false}\">\n\t\t\t\t\t\t<div class=\"elementor-container elementor-column-gap-default\">\n\t\t\t\t\t\t\t<div class=\"elementor-row\">\n\t\t\t\t\t<div class=\"elementor-column elementor-col-50 elementor-top-column elementor-element elementor-element-427f6a4d\" data-id=\"427f6a4d\" data-element_type=\"column\">\n\t\t\t<div class=\"elementor-column-wrap elementor-element-populated\">\n\t\t\t\t\t\t\t<div class=\"elementor-widget-wrap\">\n\t\t\t\t\t\t<div class=\"elementor-element elementor-element-1fc99e4b elementor-widget elementor-widget-heading\" data-id=\"1fc99e4b\" data-element_type=\"widget\" data-widget_type=\"heading.default\">\n\t\t\t\t<div class=\"elementor-widget-container\">\n\t\t\t<h2 class=\"elementor-heading-title elementor-size-default\">Sat\u0131\u015f Sonras\u0131 Hizmetler<\/h2>\t\t<\/div>\n\t\t\t\t<\/div>\n\t\t\t\t<div class=\"elementor-element elementor-element-20cda2f4 elementor-widget elementor-widget-text-editor\" data-id=\"20cda2f4\" data-element_type=\"widget\" data-widget_type=\"text-editor.default\">\n\t\t\t\t<div class=\"elementor-widget-container\">\n\t\t\t\t\t\t\t\t<div class=\"elementor-text-editor elementor-clearfix\">\n\t\t\t\t<p>Gayrimenkul\u00fcn sat\u0131\u015f\u0131n\u0131n ard\u0131ndan sat\u0131\u015f sonras\u0131 hizmetler yerine getirilmelidir. Gayrimenkul dan\u0131\u015fmanl\u0131\u011f\u0131 kapsam\u0131nda esas hizmetlerimiz i\u00e7erisinde gayrimenkulde sat\u0131\u015f sonras\u0131 hizmetler de yer almaktad\u0131r.<\/p>\t\t\t\t\t<\/div>\n\t\t\t\t\t\t<\/div>\n\t\t\t\t<\/div>\n\t\t\t\t\t\t<\/div>\n\t\t\t\t\t<\/div>\n\t\t<\/div>\n\t\t\t\t<div class=\"elementor-column elementor-col-50 elementor-top-column elementor-element elementor-element-3e9da33c\" data-id=\"3e9da33c\" data-element_type=\"column\">\n\t\t\t<div class=\"elementor-column-wrap elementor-element-populated\">\n\t\t\t\t\t\t\t<div class=\"elementor-widget-wrap\">\n\t\t\t\t\t\t<div class=\"elementor-element elementor-element-1314c85 elementor-widget elementor-widget-image\" data-id=\"1314c85\" data-element_type=\"widget\" data-widget_type=\"image.default\">\n\t\t\t\t<div class=\"elementor-widget-container\">\n\t\t\t\t\t\t\t\t<div class=\"elementor-image\">\n\t\t\t\t\t\t\t\t\t\t\t\t<img decoding=\"async\" src=\"https:\/\/epsilonn.com.tr\/tr\/wp-content\/uploads\/elementor\/thumbs\/emlak-vergisi-danismanligi-qddhc1ov3skjlz2e6z048qt8oz76a22au0p2t5gjm6.jpg\" title=\"\" alt=\"\" loading=\"lazy\" \/>\t\t\t\t\t\t\t\t\t\t\t\t\t\t<\/div>\n\t\t\t\t\t\t<\/div>\n\t\t\t\t<\/div>\n\t\t\t\t\t\t<\/div>\n\t\t\t\t\t<\/div>\n\t\t<\/div>\n\t\t\t\t\t\t\t\t<\/div>\n\t\t\t\t\t<\/div>\n\t\t<\/section>\n\t\t\t\t<section class=\"elementor-section elementor-top-section elementor-element elementor-element-50c8ecf elementor-section-stretched elementor-section-boxed elementor-section-height-default elementor-section-height-default\" data-id=\"50c8ecf\" data-element_type=\"section\" data-settings=\"{&quot;stretch_section&quot;:&quot;section-stretched&quot;,&quot;_ha_eqh_enable&quot;:false}\">\n\t\t\t\t\t\t<div class=\"elementor-container elementor-column-gap-default\">\n\t\t\t\t\t\t\t<div class=\"elementor-row\">\n\t\t\t\t\t<div class=\"elementor-column elementor-col-100 elementor-top-column elementor-element elementor-element-3a73a7a\" data-id=\"3a73a7a\" data-element_type=\"column\">\n\t\t\t<div class=\"elementor-column-wrap elementor-element-populated\">\n\t\t\t\t\t\t\t<div class=\"elementor-widget-wrap\">\n\t\t\t\t\t\t<div class=\"elementor-element elementor-element-6eabddb elementor-widget elementor-widget-text-editor\" data-id=\"6eabddb\" data-element_type=\"widget\" data-widget_type=\"text-editor.default\">\n\t\t\t\t<div class=\"elementor-widget-container\">\n\t\t\t\t\t\t\t\t<div class=\"elementor-text-editor elementor-clearfix\">\n\t\t\t\t<h1>Sat\u0131\u015f Sonras\u0131 Hizmetler<\/h1><p>Gayrimenkul\u00fcn sat\u0131\u015f\u0131n\u0131n ard\u0131ndan sat\u0131\u015f sonras\u0131 hizmetler yerine getirilmelidir. Gayrimenkul dan\u0131\u015fmanl\u0131\u011f\u0131 kapsam\u0131nda esas hizmetlerimiz i\u00e7erisinde gayrimenkulde sat\u0131\u015f sonras\u0131 hizmetler de yer almaktad\u0131r. \u00c7al\u0131\u015fmalar\u0131m\u0131z\u0131 kuruldu\u011fumuz zamandan bu yana profesyonellikle beraber s\u00fcrd\u00fcr\u00fcrken \u00f6nceliklerimizi beklentilerinize uygun olarak devam ettirmeye \u00f6nem veriyoruz. \u00c7al\u0131\u015fmalar\u0131m\u0131z i\u00e7erisinde profesyonellikten \u00f6d\u00fcn vermiyor, alan\u0131nda uzman ve deneyimli ekibimizle kaliteli hizmetlerle \u00f6ne \u00e7\u0131k\u0131yoruz. M\u00fc\u015fteri memnuniyetinin \u00f6n planda tutulmas\u0131 noktas\u0131nda bir hayli hassas\u0131z. \u00d6zellikle \u00e7al\u0131\u015fma standartlar\u0131n\u0131n beklentilere uygun olmas\u0131na \u00f6nem veriyor, \u00f6zverili bir \u015fekilde hareket etti\u011fimizden emin olmay\u0131 \u00f6nemsiyoruz. Hizmetlerimiz i\u00e7erisinde yerine getirilmesi gereken t\u00fcm operasyonlar\u0131, \u00f6nem s\u0131ras\u0131na uygun olarak ger\u00e7ekle\u015ftiriyor ve beklentilerin \u00e7ok daha \u00fcst\u00fcne \u00e7\u0131kt\u0131\u011f\u0131m\u0131zdan emin olmay\u0131 \u00f6nemsiyoruz.<\/p><p>Sat\u0131\u015f sonras\u0131 hizmetler b\u00fcnyesinde birden fazla madde bulunmaktad\u0131r. Gayrimenkul teslim organizasyonlar\u0131n\u0131n tamamlanmas\u0131, m\u00fcteahhit firman\u0131n taahh\u00fct kapsam\u0131ndaki i\u015flemlerinin takip edilmesi gibi s\u00fcre\u00e7leri eksiksiz bir \u015fekilde y\u00f6netiyor ve ba\u015far\u0131l\u0131 sonu\u00e7lar\u0131n al\u0131n\u0131yor olmas\u0131n\u0131 \u00f6nemsiyoruz. Tapu devir i\u015flemlerinin yap\u0131lmas\u0131, tamamlanmas\u0131 noktas\u0131nda sizleri en do\u011fru bilgi ak\u0131\u015f\u0131 ile bir araya getirmeye odakl\u0131 olarak hareket ediyoruz. \u00d6zellikle elektrik, su ve do\u011falgaz abonelik ba\u015fvurular\u0131na kadar bir\u00e7ok s\u00fcre\u00e7te sat\u0131\u015f sonras\u0131 hizmetler kapsam\u0131nda yan\u0131n\u0131zda yer almaya odakl\u0131 olarak hareket ediyoruz. M\u00fc\u015fterilerimizin istek ve arzular\u0131na ba\u011fl\u0131 olarak e\u015fya al\u0131m tavsiyeleri ve sigorta i\u015flemlerinin tamamlanmas\u0131na kadar bir\u00e7ok s\u00fcre\u00e7te yan\u0131n\u0131zday\u0131z. Elbette sat\u0131n al\u0131m\u0131 ger\u00e7ekle\u015fen gayrimenkul\u00fcn bo\u015f kald\u0131\u011f\u0131 d\u00f6nemler i\u00e7in kiralanmas\u0131 gibi i\u015flemleri de \u00fcstleniyoruz. Hatta gayrimenkul\u00fcn yeniden sat\u0131\u015f\u0131 i\u00e7in gerekli olan i\u015flemlerde de sizlere destek sa\u011fl\u0131yoruz.<\/p><h2>Gayrimenkulde Sat\u0131\u015f Sonras\u0131 Hizmet<\/h2><p>Gayrimenkulde sat\u0131\u015f sonras\u0131 hizmetler, m\u00fc\u015fterilerin konut sat\u0131\u015f s\u00f6zle\u015fmelerini imzalamas\u0131n\u0131n ard\u0131ndan ba\u015flamaktad\u0131r. \u0130malat i\u015flemlerinin tamamland\u0131\u011f\u0131 konutlar\u0131n kalite kontrol s\u00fcre\u00e7lerinin tamamlanmas\u0131n\u0131n \u00fczerine konut teslimi sa\u011flanmaktad\u0131r. Bu a\u015famada tapu teslim i\u015flemleri de ger\u00e7ekle\u015ftirilmektedir. Teslimi sa\u011flanan her daire i\u00e7in gerekli olan i\u015flemler s\u0131ras\u0131nda da ihtiya\u00e7lar\u0131n\u0131za cevap vermeyi \u00f6nemsiyoruz. Gayrimenkul sat\u0131\u015f\u0131n\u0131n ard\u0131ndan yeniden sat\u0131\u015f ve kiralama i\u015flemlerinde, sizlere destek olmay\u0131 \u00f6nemsiyoruz. \u00d6zellikle bar\u0131nd\u0131rd\u0131\u011f\u0131m\u0131z bilgi birikimi ve tecr\u00fcbe ile beraber beklentilerinizi kar\u015f\u0131lamaya odakl\u0131y\u0131z. Yeni gayrimenkul sahibi olarak sat\u0131\u015f i\u015flemlerini sizlerin beklentilerinize ve gereksinimlerinize denk olacak haz\u0131rl\u0131yoruz. Bu da gayrimenkul sat\u0131\u015f analiz ve raporlamalar\u0131n\u0131n s\u0131f\u0131rdan yap\u0131lmas\u0131 anlam\u0131na gelmektedir.\u00a0<\/p><p>M\u00fclk\u00fcn sat\u0131n al\u0131m\u0131n\u0131 ger\u00e7ekle\u015ftiren m\u00fc\u015fterimizin ama\u00e7lar\u0131na uygun olan yat\u0131r\u0131m \u00f6nerilerimizi sunuyoruz. Kiralama ve sat\u0131\u015f i\u015flemlerinde en iyi sonu\u00e7larla bir araya gelmenizi \u00f6nemsiyor ve buna uygun olarak hareket etmeyi \u00f6nemsiyoruz. Gayrimenkul\u00fcn al\u0131m\u0131n\u0131n ard\u0131ndan uzman bilgisinden yararlanmak ve s\u00fcreci en do\u011fru \u015fekilde takip etmek i\u00e7in bizlere ula\u015fabilirsiniz. Epsilon Grup ayr\u0131cal\u0131klar\u0131yla m\u00fc\u015fterilerimizin beklentilerine uygun hareket ediyor, s\u00fcreci do\u011fru \u015fekilde devam ettirdi\u011fimizden emin olarak hareket ediyoruz. \u00c7\u00f6z\u00fcm \u00f6nceliklerimizle kaliteli hizmet ve uzman kadro avantajlar\u0131m\u0131z\u0131 bulu\u015fturuyor, m\u00fc\u015fterilerimizin taleplerini yerine getiriyoruz.<\/p><h2>Profesyonel Sat\u0131\u015f Sonras\u0131 Hizmetleri<\/h2><p>Gayrimenkulde sat\u0131\u015f sonras\u0131 hizmetleri san\u0131landan \u00e7ok daha de\u011ferli. Sat\u0131\u015f sonras\u0131 \u00f6ne \u00e7\u0131kan hizmetlerin t\u0131pk\u0131 sat\u0131n alma s\u00fcreci gibi ivedilikle tamamlanmas\u0131 gerekmektedir. Zira al\u0131c\u0131 ve sat\u0131c\u0131 m\u00fc\u015fteri portf\u00f6y\u00fcm\u00fczde gerekli olan hassasiyetlerin t\u00fcm\u00fcne hakimiz. \u00c7al\u0131\u015fmalar\u0131m\u0131z i\u00e7erisinde sat\u0131n alma s\u00fcrecinde oldu\u011fu gibi sat\u0131\u015f sonras\u0131nda da hizmetlerimize devam etmekteyiz. Alan\u0131nda uzman olan ekibimizle, sizlere destek olmaktay\u0131z. \u00d6zellikle hizmet alan\u0131nda uzmanl\u0131k sahibi olan anla\u015fmal\u0131 firmalar\u0131m\u0131zla, \u00e7al\u0131\u015fmalar\u0131m\u0131z\u0131 \u00f6zverili \u015fekilde devam ettirme bilinci i\u00e7erisinde hareket ediyoruz. Donan\u0131ml\u0131 ekibimiz ve kaliteli hizmetlerimizle beklentilerinizin \u00fcst\u00fcne \u00e7\u0131kmaktan yanay\u0131z. Yaln\u0131zca sat\u0131\u015f i\u015flemlerinin ger\u00e7ekle\u015ftirilmesi de\u011fil, m\u00fc\u015fterilerimizin ihtiya\u00e7lar\u0131 do\u011frultusunda gerekli alan\u0131 sa\u011flama hizmeti sunmaktay\u0131z. Bu y\u00fczden gayrimenkul sat\u0131\u015f hizmetleri b\u00fcnyesinde sat\u0131\u015f sonras\u0131 hizmetlerle de \u00f6ne \u00e7\u0131k\u0131yoruz.<\/p><p>M\u00fc\u015fterilerimizin sat\u0131\u015f sonras\u0131 hizmetler konusunda da g\u00fcvenerek tercih etti\u011fi adreslerden biriyiz. \u00c7al\u0131\u015fmalar\u0131m\u0131z\u0131 profesyonellikle bulu\u015fturuyor, \u00f6zverili bir bi\u00e7imde \u00e7al\u0131\u015fmalar\u0131m\u0131z\u0131 devam ettirmeyi \u00f6nemsiyoruz. Di\u011fer yandan ekibimizle birlikte sizlerle ileti\u015fim halindeyiz. S\u00fcre\u00e7 i\u00e7erisindeki gereksinimlerin belirlenmesi noktas\u0131nda sizlere profesyonel bir destek sa\u011fl\u0131yoruz. Sat\u0131\u015f sonras\u0131 yap\u0131lmas\u0131 gereken hizmetlerden, destek al\u0131nmas\u0131 gereken firmalara kadar t\u00fcm ihtiya\u00e7lara ula\u015fman\u0131z\u0131 sa\u011fl\u0131yoruz. \u00d6zellikle kendi mevkiniz b\u00fcnyesinde olmayan sat\u0131n al\u0131mlar\u0131n sonras\u0131nda gayrimenkul\u00fcn gerekli i\u015flemlerinin yap\u0131lmas\u0131nda dan\u0131\u015fmanl\u0131k hizmetlerimizi vermeye devam ediyoruz. S\u00fcre\u00e7 i\u00e7erisinde gayrimenkul sat\u0131s\u0131 sonras\u0131 hizmetlerle de \u00f6ne \u00e7\u0131k\u0131yoruz. M\u00fc\u015fterilerimiz taraf\u0131ndan memnuniyet standartlar\u0131n\u0131n \u00e7ok daha \u00fcst\u00fcne \u00e7\u0131kan firma olarak tan\u0131nmaya devam ediyoruz. Sizler de hizmetlerimizden faydalanmak i\u00e7in bizlere ula\u015fabilirsiniz.<\/p><h2>Epsilon Grup Sat\u0131\u015f Sonras\u0131 Hizmet Ayr\u0131cal\u0131klar\u0131<\/h2><p>Epsilon Grup olarak sat\u0131n al\u0131m\u0131 ger\u00e7ekle\u015ftirilen herhangi bir gayrimenkul i\u00e7in hizmet vermeyi s\u00fcrd\u00fcr\u00fcyoruz. \u00c7\u00fcnk\u00fc yeni d\u00f6nemde sat\u0131n al\u0131m i\u015flemlerinin ard\u0131ndan gayrimenkul i\u00e7in hizmet talebi devam ediyor. Bir\u00e7ok ki\u015fi sat\u0131n al\u0131m\u0131n ard\u0131ndan gayrimenkul hizmetlerinden yararlanma talebinde bulunuyor. B\u00f6yle bir durum i\u00e7erisinde bizler de olas\u0131 sorunlar\u0131n \u00f6n\u00fcne ge\u00e7menizi sa\u011fl\u0131yoruz. Zaten sat\u0131n sonras\u0131 hizmetlerin en \u00f6nemli faydas\u0131, olas\u0131 problemlerin engellenmesi ve s\u00fcrecin sorunsuz bir \u015fekilde tamamlanmas\u0131 olarak bilinmektedir.<\/p><p>Ekibimizle birlikte kuruldu\u011fumuz zamandan bu yana m\u00fc\u015fteri beklentilerine denk bir bi\u00e7imde hareket ediyoruz. \u00d6zellikle m\u00fc\u015fterilerimizin sorunsuz bir \u015fekilde ileti\u015fim kurmas\u0131n\u0131 \u00f6nemsiyor, bundan \u00f6t\u00fcr\u00fc ileti\u015fim y\u00f6ntemlerimiz \u00fczerinde yeniliklere uyum sa\u011fl\u0131yoruz. Al\u0131m sat\u0131m i\u015flemlerinde anahtar teslim a\u015famas\u0131na kadar s\u00fcre\u00e7leri takip etmekle yetinmiyoruz. Sat\u0131n sonras\u0131nda da her daim yan\u0131n\u0131zda oldu\u011fumuzu hissetmenize zemin haz\u0131rl\u0131yoruz. Gayrimenkul\u00fcn sat\u0131\u015f\u0131 sonras\u0131nda planlar\u0131n\u0131z i\u00e7in sizlere h\u0131zl\u0131 ve etkili \u00e7\u00f6z\u00fcmler \u00fcretmekten yanay\u0131z. Sat\u0131\u015f sonras\u0131 hizmetleri Epsilon Grup olarak \u00fcstleniyor, sizleri planlar\u0131n\u0131z do\u011frultusunda elde edece\u011finiz avantajlarla bir araya getiriyoruz. \u00c7\u00fcnk\u00fc hizmetlerimiz i\u00e7erisinde yaln\u0131zca sorunlara \u00e7are aramak yok. Ayn\u0131 zamanda m\u00fc\u015fterilerimizin beklentilerine yan\u0131t \u00fcretmeyi de \u00f6nemsiyoruz.<\/p><p>Konutun yeniden sat\u0131\u015f\u0131, kiralanmas\u0131 gibi i\u015flemlerin yan\u0131nda i\u00e7erisinde yap\u0131lacak de\u011fi\u015fimlerle de ilgileniyoruz. K\u00fc\u00e7\u00fck dekorasyon de\u011fi\u015fimlerinde, t\u00fcm teknik konularda anla\u015fmal\u0131 firmalar\u0131m\u0131zla yan\u0131n\u0131zda oluyoruz. M\u00fc\u015fterilerimizin memnuniyeti bizim i\u00e7in en \u00f6nemli standartlardan biri olarak bilinmektedir. Hizmetlerimizden yararlanmak i\u00e7in diledi\u011finiz her an bizimle ileti\u015fime ge\u00e7ebilirsiniz.<\/p><h2>Sat\u0131\u015f Sonraki Hizmette Memnuniyet \u0130\u00e7in Epsilon Grup<\/h2><p>Gayrimenkul sat\u0131\u015f\u0131n\u0131n ger\u00e7ekle\u015ftirilmesinin \u00fczerine sizinle ileti\u015fimi koparm\u0131yoruz. Ekibimiz b\u00fcnyesinde yer verdi\u011fimiz \u00e7al\u0131\u015fma ilkelerine ba\u011fl\u0131 olarak baz\u0131 hassasiyetlere uygun \u015fekilde hareket ediyoruz. \u00d6zellikle prensiplerimize dayal\u0131 ad\u0131mlar atmay\u0131 \u00f6nemsiyor, \u00e7al\u0131\u015fmalar\u0131m\u0131zda gereksinimlerinizin d\u0131\u015f\u0131na \u00e7\u0131kmamaya \u00f6nem veriyoruz. Bu sayede sat\u0131\u015f sonras\u0131 hizmetlerde de sizleri \u00f6n planda tutarak \u00e7al\u0131\u015fmalar\u0131m\u0131z\u0131n devaml\u0131l\u0131\u011f\u0131n\u0131 sa\u011fl\u0131yoruz. \u00d6ncelikli olarak m\u00fc\u015fterilerimizin sat\u0131\u015f sonras\u0131ndaki ihtiya\u00e7lar\u0131n\u0131z\u0131 analiz ediyoruz. Bu sayede memnuniyet konusunda soru i\u015faretlerinizin ortadan kalkmas\u0131na odakl\u0131 olarak hareket ediyoruz. Ko\u015fulsuz m\u00fc\u015fteri memnuniyeti ayr\u0131cal\u0131klar\u0131yla Epsilon Grup olarak g\u00fcven odakl\u0131 bir bi\u00e7imde ilerliyoruz.<\/p><p>Sat\u0131\u015f sonras\u0131nda evin yeniden sat\u0131\u015f i\u015flemlerinin ba\u015flat\u0131lmas\u0131, kira s\u00fcreci i\u00e7in gerekliliklerin yerine getirilmesinde yer al\u0131yoruz. Evinizin mobilya ve ev aletlerinin kurulumundan, gerekli \u00fcr\u00fcnlerin sat\u0131n al\u0131nmas\u0131na kadar her a\u015famada sizlerleyiz. Bu k\u0131s\u0131mda anla\u015fmal\u0131 oldu\u011fumuz firmalarla, s\u00fcreci daha kolay bir bi\u00e7imde tamamlaman\u0131za destek oluyoruz. Bireysel tasar\u0131m hizmetlerinde beklentilerinizi kar\u015f\u0131l\u0131yor, e\u015fya sigortas\u0131 gibi i\u015flemleri sizin yerinize hallediyoruz. Y\u0131ll\u0131k emlak vergisi i\u015flemlerinin takip edilmesi, fatura i\u015flemlerinin takip edilmesi gibi bir\u00e7ok detayda \u00f6n planday\u0131z. Ekibimizle birlikte kaliteli hizmet garantisiyle hareket ediyor, geni\u015f gayrimenkul a\u011f\u0131m\u0131zda g\u00fcven unsuruna ba\u011fl\u0131 olarak hizmet veriyoruz. Gayrimenkul sat\u0131\u015f\u0131 sonras\u0131nda sat\u0131\u015f sonras\u0131 hizmetlerimizle ilgili detayl\u0131 bilgi almak i\u00e7in bizlerle ileti\u015fime ge\u00e7ebilirsiniz. Ayn\u0131 zamanda gayrimenkul sat\u0131\u015f\u0131 \u00f6ncesinde, t\u00fcm bu bilgileri sizlere aktard\u0131\u011f\u0131m\u0131zdan, ileti\u015fim s\u00fcrecini ciddiye ald\u0131\u011f\u0131m\u0131zdan emin olabilirsiniz. Epsilon Grup olarak \u00f6nceli\u011fimizi uzmanl\u0131k ve memnuniyetle bulu\u015fturmaya odakl\u0131y\u0131z.<\/p>\t\t\t\t\t<\/div>\n\t\t\t\t\t\t<\/div>\n\t\t\t\t<\/div>\n\t\t\t\t\t\t<\/div>\n\t\t\t\t\t<\/div>\n\t\t<\/div>\n\t\t\t\t\t\t\t\t<\/div>\n\t\t\t\t\t<\/div>\n\t\t<\/section>\n\t\t\t\t<section class=\"elementor-section elementor-top-section elementor-element elementor-element-7bdc43d elementor-section-stretched elementor-section-boxed elementor-section-height-default elementor-section-height-default\" data-id=\"7bdc43d\" data-element_type=\"section\" data-settings=\"{&quot;stretch_section&quot;:&quot;section-stretched&quot;,&quot;_ha_eqh_enable&quot;:false}\">\n\t\t\t\t\t\t<div class=\"elementor-container elementor-column-gap-default\">\n\t\t\t\t\t\t\t<div class=\"elementor-row\">\n\t\t\t\t\t<div class=\"elementor-column elementor-col-100 elementor-top-column elementor-element elementor-element-7f5b2bd0\" data-id=\"7f5b2bd0\" data-element_type=\"column\">\n\t\t\t<div class=\"elementor-column-wrap elementor-element-populated\">\n\t\t\t\t\t\t\t<div class=\"elementor-widget-wrap\">\n\t\t\t\t\t\t<div class=\"elementor-element elementor-element-1a96d407 elementor-widget elementor-widget-shortcode\" data-id=\"1a96d407\" data-element_type=\"widget\" data-widget_type=\"shortcode.default\">\n\t\t\t\t<div class=\"elementor-widget-container\">\n\t\t\t\t\t<div class=\"elementor-shortcode\">\t\t<div data-elementor-type=\"section\" data-elementor-id=\"21827\" class=\"elementor elementor-21827\" data-elementor-post-type=\"elementor_library\">\n\t\t\t\t\t<div class=\"elementor-section-wrap\">\n\t\t\t\t\t\t\t\t<section class=\"elementor-section elementor-top-section elementor-element elementor-element-3ac79814 elementor-section-stretched elementor-section-boxed elementor-section-height-default elementor-section-height-default\" data-id=\"3ac79814\" data-element_type=\"section\" id=\"xs_cta_style_15\" data-settings=\"{&quot;stretch_section&quot;:&quot;section-stretched&quot;,&quot;_ha_eqh_enable&quot;:false}\">\n\t\t\t\t\t\t<div class=\"elementor-container elementor-column-gap-default\">\n\t\t\t\t\t\t\t<div class=\"elementor-row\">\n\t\t\t\t\t<div class=\"elementor-column elementor-col-100 elementor-top-column elementor-element elementor-element-5283ec51\" data-id=\"5283ec51\" data-element_type=\"column\">\n\t\t\t<div class=\"elementor-column-wrap elementor-element-populated\">\n\t\t\t\t\t\t\t<div class=\"elementor-widget-wrap\">\n\t\t\t\t\t\t<section class=\"elementor-section elementor-inner-section elementor-element elementor-element-24da166c elementor-section-full_width elementor-section-height-default elementor-section-height-default\" data-id=\"24da166c\" data-element_type=\"section\" data-settings=\"{&quot;_ha_eqh_enable&quot;:false}\">\n\t\t\t\t\t\t<div class=\"elementor-container elementor-column-gap-default\">\n\t\t\t\t\t\t\t<div class=\"elementor-row\">\n\t\t\t\t\t<div class=\"elementor-column elementor-col-50 elementor-inner-column elementor-element elementor-element-d6ce2b2\" data-id=\"d6ce2b2\" data-element_type=\"column\">\n\t\t\t<div class=\"elementor-column-wrap elementor-element-populated\">\n\t\t\t\t\t\t\t<div class=\"elementor-widget-wrap\">\n\t\t\t\t\t\t<div class=\"elementor-element elementor-element-779921c1 elementor-widget elementor-widget-elementskit-heading\" data-id=\"779921c1\" data-element_type=\"widget\" data-widget_type=\"elementskit-heading.default\">\n\t\t\t\t<div class=\"elementor-widget-container\">\n\t\t\t<div class=\"ekit-wid-con\" ><div class=\"ekit-heading elementskit-section-title-wraper text_left   ekit_heading_tablet-   ekit_heading_mobile-\"><h2 class=\"ekit-heading--title elementskit-section-title \">\u015eimdi Bizimle <span><span>\u0130leti\u015fime<\/span><\/span> Ge\u00e7iniz<\/h2>\t\t\t\t<div class='ekit-heading__description'>\n\t\t\t\t\t<p>Vatanda\u015fl\u0131k veya gayrimenkul hizmetlerimiz hakk\u0131nda detayl\u0131 bilgi almak i\u00e7in \u015fimdi bizimle ileti\u015fime ge\u00e7iniz.<\/p>\n\t\t\t\t<\/div>\n\t\t\t<\/div><\/div>\t\t<\/div>\n\t\t\t\t<\/div>\n\t\t\t\t\t\t<\/div>\n\t\t\t\t\t<\/div>\n\t\t<\/div>\n\t\t\t\t<div class=\"elementor-column elementor-col-50 elementor-inner-column elementor-element elementor-element-4b8c7703\" data-id=\"4b8c7703\" data-element_type=\"column\">\n\t\t\t<div class=\"elementor-column-wrap elementor-element-populated\">\n\t\t\t\t\t\t\t<div class=\"elementor-widget-wrap\">\n\t\t\t\t\t\t<div class=\"elementor-element elementor-element-6d6e49ce elementor-widget elementor-widget-elementskit-button\" data-id=\"6d6e49ce\" data-element_type=\"widget\" data-widget_type=\"elementskit-button.default\">\n\t\t\t\t<div class=\"elementor-widget-container\">\n\t\t\t<div class=\"ekit-wid-con\" >\t\t<div class=\"ekit-btn-wraper\">\n\t\t\t\t\t\t\t<a href=\"tel:+902125582600\" target=\"_blank\" class=\"elementskit-btn  whitespace--normal\" >\n\t\t\t\t\t+90 212 558 26 00\n\t\t\t\t\t<i aria-hidden=\"true\" class=\"fasicon icon-right-arrow\"><\/i>\n\t\t\t\t<\/a>\n\t\t\t\t\t\t<\/div>\n        <\/div>\t\t<\/div>\n\t\t\t\t<\/div>\n\t\t\t\t\t\t<\/div>\n\t\t\t\t\t<\/div>\n\t\t<\/div>\n\t\t\t\t\t\t\t\t<\/div>\n\t\t\t\t\t<\/div>\n\t\t<\/section>\n\t\t\t\t\t\t<\/div>\n\t\t\t\t\t<\/div>\n\t\t<\/div>\n\t\t\t\t\t\t\t\t<\/div>\n\t\t\t\t\t<\/div>\n\t\t<\/section>\n\t\t\t\t\t\t\t<\/div>\n\t\t\t\t<\/div>\n\t\t<\/div>\n\t\t\t\t<\/div>\n\t\t\t\t<\/div>\n\t\t\t\t\t\t<\/div>\n\t\t\t\t\t<\/div>\n\t\t<\/div>\n\t\t\t\t\t\t\t\t<\/div>\n\t\t\t\t\t<\/div>\n\t\t<\/section>\n\t\t\t\t\t\t\t\t\t<\/div>\n\t\t\t<\/div>\n\t\t\t\t\t<\/div>\n\t\t","protected":false},"excerpt":{"rendered":"<p>Sat\u0131\u015f Sonras\u0131 Hizmetler Gayrimenkul\u00fcn sat\u0131\u015f\u0131n\u0131n ard\u0131ndan sat\u0131\u015f sonras\u0131 hizmetler yerine getirilmelidir. Gayrimenkul dan\u0131\u015fmanl\u0131\u011f\u0131 kapsam\u0131nda esas hizmetlerimiz i\u00e7erisinde gayrimenkulde sat\u0131\u015f sonras\u0131 hizmetler de yer almaktad\u0131r. Sat\u0131\u015f Sonras\u0131 Hizmetler Gayrimenkul\u00fcn sat\u0131\u015f\u0131n\u0131n ard\u0131ndan sat\u0131\u015f sonras\u0131 hizmetler yerine getirilmelidir. Gayrimenkul dan\u0131\u015fmanl\u0131\u011f\u0131 kapsam\u0131nda esas hizmetlerimiz i\u00e7erisinde gayrimenkulde sat\u0131\u015f sonras\u0131 hizmetler de yer almaktad\u0131r. \u00c7al\u0131\u015fmalar\u0131m\u0131z\u0131 kuruldu\u011fumuz zamandan bu yana profesyonellikle beraber s\u00fcrd\u00fcr\u00fcrken \u00f6nceliklerimizi beklentilerinize uygun olarak devam ettirmeye \u00f6nem veriyoruz. &#8230;<\/p>\n","protected":false},"author":1,"featured_media":0,"parent":0,"menu_order":0,"comment_status":"closed","ping_status":"closed","template":"","meta":{"inline_featured_image":false,"footnotes":""},"class_list":["post-20541","page","type-page","status-publish","hentry"],"_links":{"self":[{"href":"https:\/\/epsilonn.com.tr\/tr\/wp-json\/wp\/v2\/pages\/20541","targetHints":{"allow":["GET"]}}],"collection":[{"href":"https:\/\/epsilonn.com.tr\/tr\/wp-json\/wp\/v2\/pages"}],"about":[{"href":"https:\/\/epsilonn.com.tr\/tr\/wp-json\/wp\/v2\/types\/page"}],"author":[{"embeddable":true,"href":"https:\/\/epsilonn.com.tr\/tr\/wp-json\/wp\/v2\/users\/1"}],"replies":[{"embeddable":true,"href":"https:\/\/epsilonn.com.tr\/tr\/wp-json\/wp\/v2\/comments?post=20541"}],"version-history":[{"count":0,"href":"https:\/\/epsilonn.com.tr\/tr\/wp-json\/wp\/v2\/pages\/20541\/revisions"}],"wp:attachment":[{"href":"https:\/\/epsilonn.com.tr\/tr\/wp-json\/wp\/v2\/media?parent=20541"}],"curies":[{"name":"wp","href":"https:\/\/api.w.org\/{rel}","templated":true}]}}