{"id":20561,"date":"2023-03-13T12:49:05","date_gmt":"2023-03-13T09:49:05","guid":{"rendered":"https:\/\/epsilonn.com.tr\/tr\/?page_id=20561"},"modified":"2023-09-19T17:05:25","modified_gmt":"2023-09-19T14:05:25","slug":"yatirim-danismanligi","status":"publish","type":"page","link":"https:\/\/epsilonn.com.tr\/tr\/yatirim-danismanligi\/","title":{"rendered":"Yat\u0131r\u0131m Dan\u0131\u015fmanl\u0131\u011f\u0131"},"content":{"rendered":"\t\t<div data-elementor-type=\"wp-page\" data-elementor-id=\"20561\" class=\"elementor elementor-20561\" data-elementor-post-type=\"page\">\n\t\t\t\t\t\t<div class=\"elementor-inner\">\n\t\t\t\t<div class=\"elementor-section-wrap\">\n\t\t\t\t\t\t\t\t\t<section class=\"elementor-section elementor-top-section elementor-element elementor-element-730b9563 elementor-section-content-middle elementor-section-stretched elementor-section-boxed elementor-section-height-default elementor-section-height-default\" data-id=\"730b9563\" data-element_type=\"section\" data-settings=\"{&quot;stretch_section&quot;:&quot;section-stretched&quot;,&quot;background_background&quot;:&quot;classic&quot;,&quot;_ha_eqh_enable&quot;:false}\">\n\t\t\t\t\t\t<div class=\"elementor-container elementor-column-gap-default\">\n\t\t\t\t\t\t\t<div class=\"elementor-row\">\n\t\t\t\t\t<div class=\"elementor-column elementor-col-50 elementor-top-column elementor-element elementor-element-718dd09c\" data-id=\"718dd09c\" data-element_type=\"column\">\n\t\t\t<div class=\"elementor-column-wrap elementor-element-populated\">\n\t\t\t\t\t\t\t<div class=\"elementor-widget-wrap\">\n\t\t\t\t\t\t<div class=\"elementor-element elementor-element-25d13bd8 elementor-widget elementor-widget-heading\" data-id=\"25d13bd8\" data-element_type=\"widget\" data-widget_type=\"heading.default\">\n\t\t\t\t<div class=\"elementor-widget-container\">\n\t\t\t<h2 class=\"elementor-heading-title elementor-size-default\">Yat\u0131r\u0131m Dan\u0131\u015fmanl\u0131\u011f\u0131<\/h2>\t\t<\/div>\n\t\t\t\t<\/div>\n\t\t\t\t<div class=\"elementor-element elementor-element-1d14d11b elementor-widget elementor-widget-text-editor\" data-id=\"1d14d11b\" data-element_type=\"widget\" data-widget_type=\"text-editor.default\">\n\t\t\t\t<div class=\"elementor-widget-container\">\n\t\t\t\t\t\t\t\t<div class=\"elementor-text-editor elementor-clearfix\">\n\t\t\t\t<p>Yat\u0131r\u0131m dan\u0131\u015fmanl\u0131\u011f\u0131, sermaye piyasas\u0131 i\u00e7erisinde yer alan ara\u00e7lar\u0131n kar ve zarar analizlerinin yap\u0131lmas\u0131 ad\u0131na firma, \u015firket ve \u015fah\u0131slara verilen hizmettir.<\/p>\t\t\t\t\t<\/div>\n\t\t\t\t\t\t<\/div>\n\t\t\t\t<\/div>\n\t\t\t\t\t\t<\/div>\n\t\t\t\t\t<\/div>\n\t\t<\/div>\n\t\t\t\t<div class=\"elementor-column elementor-col-50 elementor-top-column elementor-element elementor-element-46005558\" data-id=\"46005558\" data-element_type=\"column\">\n\t\t\t<div class=\"elementor-column-wrap elementor-element-populated\">\n\t\t\t\t\t\t\t<div class=\"elementor-widget-wrap\">\n\t\t\t\t\t\t<div class=\"elementor-element elementor-element-1314c85 elementor-widget elementor-widget-image\" data-id=\"1314c85\" data-element_type=\"widget\" data-widget_type=\"image.default\">\n\t\t\t\t<div class=\"elementor-widget-container\">\n\t\t\t\t\t\t\t\t<div class=\"elementor-image\">\n\t\t\t\t\t\t\t\t\t\t\t\t<img decoding=\"async\" src=\"https:\/\/epsilonn.com.tr\/tr\/wp-content\/uploads\/elementor\/thumbs\/5cdd028b21d04265746839-qddhc1ov3skjlz2e6z048qt8oz76a22au0p2t5gjm6.png\" title=\"5cdd028b21d04265746839\" alt=\"5cdd028b21d04265746839\" loading=\"lazy\" \/>\t\t\t\t\t\t\t\t\t\t\t\t\t\t<\/div>\n\t\t\t\t\t\t<\/div>\n\t\t\t\t<\/div>\n\t\t\t\t\t\t<\/div>\n\t\t\t\t\t<\/div>\n\t\t<\/div>\n\t\t\t\t\t\t\t\t<\/div>\n\t\t\t\t\t<\/div>\n\t\t<\/section>\n\t\t\t\t<section class=\"elementor-section elementor-top-section elementor-element elementor-element-50c8ecf elementor-section-stretched elementor-section-boxed elementor-section-height-default elementor-section-height-default\" data-id=\"50c8ecf\" data-element_type=\"section\" data-settings=\"{&quot;stretch_section&quot;:&quot;section-stretched&quot;,&quot;background_background&quot;:&quot;classic&quot;,&quot;_ha_eqh_enable&quot;:false}\">\n\t\t\t\t\t\t<div class=\"elementor-container elementor-column-gap-default\">\n\t\t\t\t\t\t\t<div class=\"elementor-row\">\n\t\t\t\t\t<div class=\"elementor-column elementor-col-100 elementor-top-column elementor-element elementor-element-3a73a7a\" data-id=\"3a73a7a\" data-element_type=\"column\">\n\t\t\t<div class=\"elementor-column-wrap elementor-element-populated\">\n\t\t\t\t\t\t\t<div class=\"elementor-widget-wrap\">\n\t\t\t\t\t\t<div class=\"elementor-element elementor-element-6eabddb elementor-widget elementor-widget-text-editor\" data-id=\"6eabddb\" data-element_type=\"widget\" data-widget_type=\"text-editor.default\">\n\t\t\t\t<div class=\"elementor-widget-container\">\n\t\t\t\t\t\t\t\t<div class=\"elementor-text-editor elementor-clearfix\">\n\t\t\t\t<h1>Yat\u0131r\u0131m Dan\u0131\u015fmanl\u0131\u011f\u0131<\/h1><p>Yat\u0131r\u0131m dan\u0131\u015fmanl\u0131\u011f\u0131, sermaye piyasas\u0131 i\u00e7erisinde yer alan ara\u00e7lar\u0131n kar ve zarar analizlerinin yap\u0131lmas\u0131 ad\u0131na firma, \u015firket ve \u015fah\u0131slara verilen hizmettir. Bu hizmet yaz\u0131l\u0131 veyahut s\u00f6zl\u00fc tavsiyelerle desteklenmektedir. Di\u011fer yandan T\u00fcrkiye sermaye piyasas\u0131 incelendi\u011fi zaman, her g\u00fcn yeni bir yat\u0131r\u0131m arac\u0131n\u0131n d\u00fczenlendi\u011fi ve yat\u0131r\u0131m ara\u00e7lar\u0131n\u0131n \u00e7e\u015fitlenmeye devam etti\u011fi anla\u015f\u0131lmaktad\u0131r. B\u00f6yle bir d\u00f6nem i\u00e7erisinde de yat\u0131r\u0131m dan\u0131\u015fmanl\u0131\u011f\u0131 b\u00fcy\u00fck bir \u00f6nem arz etmektedir. Yat\u0131r\u0131m dan\u0131\u015fmanl\u0131\u011f\u0131na verilen de\u011fer, g\u00fcnden g\u00fcne art\u0131\u015f g\u00f6stermeye devam etmektedir. Bu konuda k\u0131sa bir tan\u0131mlamak yapmak gerekirse de yat\u0131r\u0131m dan\u0131\u015fmanl\u0131\u011f\u0131, yat\u0131r\u0131mc\u0131lar\u0131n daha stratejik bir bak\u0131\u015f a\u00e7\u0131s\u0131 kazanmas\u0131na yard\u0131mc\u0131 olmaktad\u0131r. Yat\u0131r\u0131m dan\u0131\u015fmanl\u0131\u011f\u0131 se\u00e7enekleri i\u00e7erisinde mevzuat, fon, hisse senedi, alt\u0131n gibi se\u00e7enekler yer almaktad\u0131r. Epsilon Grup olarak bizler de yat\u0131r\u0131mc\u0131lardan gelen talepleri de\u011ferlendiriyor, yat\u0131r\u0131m dan\u0131\u015fmanl\u0131\u011f\u0131 b\u00fcnyesinde hizmetlerimizin i\u00e7eri\u011fini ve yetkinli\u011fini zenginle\u015ftirmeye \u00f6nem veriyoruz.<\/p><p>Yat\u0131r\u0131m dan\u0131\u015fmanl\u0131k hizmetleri sayesinde yat\u0131r\u0131m piyasas\u0131 i\u00e7erisinde yaln\u0131z kalman\u0131z\u0131n \u00f6n\u00fcne ge\u00e7iyoruz. Sizleri i\u00e7erisinde bar\u0131nd\u0131rd\u0131\u011f\u0131m\u0131z tecr\u00fcbeler ve g\u00fc\u00e7l\u00fc bir sermaye bar\u0131nd\u0131rd\u0131\u011f\u0131m\u0131z yat\u0131r\u0131m dan\u0131\u015fmanl\u0131\u011f\u0131 hizmetlerimizle bulu\u015fturuyoruz. Bu sayede b\u00f6l\u00fcm\u00fcn\u00fcz, risk durumunuz ve getiri hedeflerinize ba\u011fl\u0131 olarak sermaye piyasas\u0131 ara\u00e7lar\u0131 ve \u00e7ok daha fazlas\u0131 hakk\u0131nda bilgi edinmenizi sa\u011fl\u0131yoruz. Alaca\u011f\u0131n\u0131z yat\u0131r\u0131m kararlar\u0131n\u0131n uzman bak\u0131\u015f a\u00e7\u0131s\u0131yla incelenmesi sonucunda profesyonellikten \u00f6d\u00fcn vermeyerek hareket ediyor, s\u00fcre\u00e7 i\u00e7erisinde yaln\u0131z kalman\u0131z\u0131n \u00f6n\u00fcne ge\u00e7iyoruz. \u00d6zellikle yat\u0131r\u0131m dan\u0131\u015fmanl\u0131\u011f\u0131 b\u00fcnyesinde bar\u0131nd\u0131rd\u0131\u011f\u0131m\u0131z hizmetlerimizle beklentilerinizin \u00fcst\u00fcnde sonu\u00e7lar alman\u0131z\u0131 kolayla\u015ft\u0131r\u0131yoruz.<\/p><h2>Yat\u0131r\u0131m Dan\u0131\u015fmanl\u0131\u011f\u0131 Hizmetlerimiz<\/h2><p>Yat\u0131r\u0131m dan\u0131\u015fmanl\u0131\u011f\u0131 hizmetlerimiz i\u00e7erisinde \u00e7al\u0131\u015fmalar\u0131m\u0131z\u0131 kesintisiz olarak devam ettiriyoruz. \u00d6zellikle hizmetlerimiz i\u00e7erisinde yat\u0131r\u0131m s\u00fcrecinde kar\u015f\u0131n\u0131za \u00e7\u0131kacak olan risk ve getiri tercihlerinizin belirlenmesini sa\u011fl\u0131yoruz. Risk profilinize uygunluk sa\u011flayacak olan varl\u0131k da\u011f\u0131l\u0131m\u0131n\u0131 haz\u0131rlarken bu alandaki tavsiyeleri en uygun \u015fekilde haz\u0131rl\u0131yoruz. Yat\u0131r\u0131m dan\u0131\u015fmanl\u0131\u011f\u0131 kapsam\u0131nda haz\u0131rlad\u0131\u011f\u0131m\u0131z raporlar\u0131, g\u00fcnl\u00fck, haftal\u0131k ve y\u0131ll\u0131k olarak d\u00fczenliyoruz. Bu sayede geni\u015f raporlama yelpazesi ile kar\u015f\u0131la\u015fm\u0131\u015f oluyorsunuz. Piyasayla ilgili g\u00f6r\u00fc\u015flerimizi ve tavsiyelerimizi kullanarak s\u00fcrecin en iyi \u015fekilde devaml\u0131l\u0131\u011f\u0131ndan yanay\u0131z.<\/p><p>Model yat\u0131r\u0131m portf\u00f6y\u00fcn\u00fcn olu\u015fturulmas\u0131 noktas\u0131nda sizlere destek sa\u011fl\u0131yoruz. Ayn\u0131 zamanda bu a\u015famada gerekli olan detaylar\u0131 yak\u0131ndan takip ediyor, piyasan\u0131n de\u011fi\u015fen ko\u015fullar\u0131na uygun olarak anl\u0131k g\u00fcncellemelerin olu\u015fmas\u0131n\u0131 sa\u011fl\u0131yoruz. Yat\u0131r\u0131mlar\u0131n\u0131z kapsam\u0131nda, birikimlerinizin nas\u0131l de\u011ferlenece\u011fi konusunda uzman bir bak\u0131\u015f a\u00e7\u0131s\u0131 sunuyoruz. Bu konuda sizin i\u00e7in en do\u011frusu olacak karar\u0131 vermeniz i\u00e7in alan\u0131nda uzmanl\u0131k sahibi olan, tecr\u00fcbeli ekibimizle \u00e7al\u0131\u015fmalar\u0131m\u0131za devam ediyoruz. Sizleri farkl\u0131 yat\u0131r\u0131m alternatifleriyle tan\u0131\u015ft\u0131r\u0131yor, her daim yan\u0131n\u0131zda olmay\u0131 \u00f6nemsiyoruz.<\/p><p>Yat\u0131r\u0131m dan\u0131\u015fmanl\u0131\u011f\u0131 b\u00fcnyesinde ekibimiz i\u00e7erisinde de \u00e7al\u0131\u015fma prensiplerine uygun olarak hareket ediyoruz. \u00d6zellikle dan\u0131\u015fmanl\u0131k hizmetlerimizi ki\u015fiye \u00f6zel olacak stratejilerle y\u00f6nlendiriyoruz. Bu sayede ba\u015far\u0131ya odakl\u0131 bir \u015fekilde hareket edildi\u011finden emin olabiliyorsunuz. Standartlar\u0131n \u00e7ok daha \u00fcst seviyeye \u00e7\u0131kar\u0131lmas\u0131 gibi avantajlarla bulu\u015fma \u015fans\u0131na sahip oluyorsunuz. \u0130htiya\u00e7lar\u0131n\u0131za, ki\u015fisel beklentilerinize denk olacak, en uygun yat\u0131r\u0131m \u00fcr\u00fcnlerinin se\u00e7imi konusunda da bar\u0131nd\u0131rd\u0131\u011f\u0131m\u0131z tecr\u00fcbeyle sizlerin yan\u0131nda yer al\u0131yoruz. Hizmetlerimiz i\u00e7erisinde memnuniyet odakl\u0131 oldu\u011fumuzdan \u00f6t\u00fcr\u00fc birlikte yat\u0131r\u0131m yolculu\u011funa odakl\u0131y\u0131z. Yat\u0131r\u0131m dan\u0131\u015fmanl\u0131\u011f\u0131 f\u0131rsatlar\u0131yla elde etti\u011finiz ba\u015far\u0131lar\u0131 en \u015feffaf referanslar\u0131m\u0131z olarak \u00f6ne \u00e7\u0131kar\u0131yoruz.<\/p><h2>Yat\u0131r\u0131m Dan\u0131\u015fmanl\u0131\u011f\u0131 Alan\u0131ndaki \u00d6nceliklerimiz<\/h2><p>Yat\u0131r\u0131m dan\u0131\u015fmanl\u0131\u011f\u0131 hizmetleri i\u00e7erisinde baz\u0131 \u00f6nceliklere ba\u011fl\u0131 olarak hareket ediyoruz. Ekibimiz i\u00e7erisinde bulundurdu\u011fumuz g\u00f6rev ve sorumluluklar\u0131m\u0131za uygun \u015fekilde ilerliyoruz. Bu a\u015famada \u00f6ncelikli olarak yat\u0131r\u0131mc\u0131larla etkin bir ileti\u015fim i\u00e7erisindeyiz. Sizlerin beklentilerinizi baz alarak hizmet vermeye odakl\u0131y\u0131z. Bundan \u00f6t\u00fcr\u00fc sermaye piyasas\u0131 ara\u00e7lar\u0131 incelerken bu ara\u00e7lar\u0131 ihra\u00e7 eden kurulu\u015flar\u0131n incelemelerini yapmaktay\u0131z. Yat\u0131r\u0131m i\u015flemlerinin yasal mevzuata uygun olmas\u0131n\u0131, idari i\u015flemlere ba\u011fl\u0131 olmas\u0131n\u0131 sa\u011flayarak hareket ediyoruz. \u00d6zellikle m\u00fc\u015fterilerin sundu\u011fu yat\u0131r\u0131m beklentilerini, risk limitlerini \u00f6n planda tutarak analizler yap\u0131yoruz. Yapt\u0131\u011f\u0131m\u0131z analiz \u00e7al\u0131\u015fmalar\u0131 s\u0131ras\u0131nda dan\u0131\u015fmanl\u0131k hizmetlerini ba\u015far\u0131yla sonu\u00e7land\u0131rmaya \u00f6nem veriyoruz. Bundan \u00f6t\u00fcr\u00fc de yat\u0131r\u0131m dan\u0131\u015fmanl\u0131\u011f\u0131 hizmetlerimiz kapsam\u0131nda piyasaya h\u00e2kim olmak amac\u0131yla ciddi ad\u0131mlar atarak ilerliyoruz.<\/p><p>Dan\u0131\u015fmanl\u0131k hizmetleri i\u00e7erisinde m\u00fc\u015fterilerimizin varl\u0131k ve b\u00fct\u00e7elerini analiz ediyor, onlara en uygun olacak yat\u0131r\u0131m ara\u00e7lar\u0131n\u0131 se\u00e7melerine yard\u0131mc\u0131 olmaya odaklan\u0131yoruz. Varl\u0131\u011f\u0131 olan m\u00fc\u015fterilerimizle ileti\u015fimde olmak, \u00e7al\u0131\u015fmalar s\u0131ras\u0131nda i\u015f yerinde komisyon kazanabilmek gibi f\u0131rsatlar\u0131 m\u00fcmk\u00fcn hale getiriyoruz. Ayn\u0131 zamanda yat\u0131r\u0131m dan\u0131\u015fmanl\u0131\u011f\u0131 hizmetleri b\u00fcnyesinde, etkili bir \u00e7al\u0131\u015fma y\u00f6ntemi belirleyerek ilerliyoruz. Yat\u0131r\u0131m ara\u00e7lar\u0131n\u0131n takip edilmesi, g\u00fcncel de\u011fi\u015fikliklerin g\u00f6zlemlenmesi noktas\u0131nda uzman bir bak\u0131\u015f a\u00e7\u0131s\u0131yla incelemelerimize devam etmekteyiz. Yat\u0131r\u0131m dan\u0131\u015fmanl\u0131\u011f\u0131 kapsam\u0131ndaki ba\u015far\u0131m\u0131z sayesinde g\u00fcnden g\u00fcne m\u00fc\u015fteri potansiyelimizi artt\u0131rmaya devam ediyoruz. Buna uygun olarak \u00e7al\u0131\u015fmalar\u0131m\u0131z\u0131 s\u00fcrd\u00fcr\u00fcyor, yat\u0131r\u0131m alan\u0131nda sahip oldu\u011fumuz e\u011fitimler ve tecr\u00fcbelerle sizlere destek oluyoruz.<\/p><h2>Yat\u0131r\u0131m Dan\u0131\u015fmanl\u0131\u011f\u0131nda Profesyonellik \u0130\u00e7in Epsilon Grup<\/h2><p>Yat\u0131r\u0131m dan\u0131\u015fmanl\u0131\u011f\u0131 hizmetlerimizi kuruldu\u011fumuz zamandan bu yana tecr\u00fcbe ve bilgi birikimi ile devam ettiriyoruz. B\u00fcnyemizde yer alan \u00e7al\u0131\u015fma prensiplerine uygun olarak hareket ediyor, s\u00fcreci en iyi \u015fekilde s\u00fcrd\u00fcrmeye \u00f6nem veriyoruz. \u00d6zellikle m\u00fc\u015fterilerimizin hassasiyetlerine uygun bir bi\u00e7imde \u00e7al\u0131\u015fmalar\u0131m\u0131z\u0131 s\u00fcrd\u00fcrmemizden \u00f6t\u00fcr\u00fc yat\u0131r\u0131m dan\u0131\u015fmanl\u0131\u011f\u0131 a\u00e7\u0131s\u0131ndan s\u00fcrekli olarak tavsiye edilen adresiz. Hizmetlerimizle beraber bir\u00e7ok avantajla bir araya gelmenizi sa\u011fl\u0131yoruz. Hizmetlerimiz b\u00fcnyesinde risk ve getiri tercihlerinin belirlenmesini sa\u011fl\u0131yor, risk profillerine uygun olarak varl\u0131k da\u011f\u0131l\u0131m\u0131n\u0131n yap\u0131lmas\u0131n\u0131, tavsiyelerin haz\u0131rlanmas\u0131n\u0131 kolayla\u015ft\u0131r\u0131yoruz. Portf\u00f6ylerin yak\u0131ndan takip ediliyor olmas\u0131 noktas\u0131nda piyasan\u0131n ko\u015fullar\u0131na g\u00f6re anl\u0131k olarak g\u00fcncellemeler yapmaktay\u0131z. B\u00f6ylece s\u00fcre\u00e7 i\u00e7erisinde ba\u015far\u0131 oran\u0131n\u0131n devaml\u0131l\u0131k sa\u011flamas\u0131na destek sa\u011fl\u0131yoruz.<\/p><p>Yat\u0131r\u0131m dan\u0131\u015fmanl\u0131k hizmetlerimiz i\u00e7erisinde yat\u0131r\u0131m dan\u0131\u015fmanlar\u0131m\u0131zla direkt olarak ba\u011flant\u0131 kurabilirsiniz. Bu sayede sorular\u0131n\u0131za h\u0131zl\u0131 ve net cevaplar alabilmeniz m\u00fcmk\u00fcn hale gelmektedir. S\u00fcre\u00e7lerin en iyi \u015fekilde y\u00f6nlendirilmesi ve do\u011fru ad\u0131mlar\u0131n at\u0131l\u0131yor olmas\u0131 konusunda hassasiyetle hareket ediyoruz. Uzmanl\u0131k odakl\u0131 hizmet anlay\u0131\u015f\u0131m\u0131z i\u00e7erisinde ba\u015far\u0131dan \u00f6d\u00fcn vermeden ilerliyor, yenilik\u00e7i yat\u0131r\u0131m dan\u0131\u015fmanl\u0131\u011f\u0131 hizmetleriyle bir araya gelmenize odakl\u0131 olarak devaml\u0131l\u0131k sa\u011fl\u0131yoruz. Yurtd\u0131\u015f\u0131 hisse senedi piyasalar\u0131 b\u00fcnyesinde de dan\u0131\u015fmanl\u0131k hizmeti verirken, arac\u0131l\u0131k hizmeti gibi avantalar\u0131m\u0131zla da yan\u0131n\u0131zda yer al\u0131yoruz. S\u00fcre\u00e7 i\u00e7erisinde sahip oldu\u011fumuz bilgi birikimi kullanmaya devam ediyor, Epsilon Grup olarak avantajlar\u0131m\u0131z\u0131 \u00f6ne \u00e7\u0131karmaya \u00f6nem veriyoruz.<\/p><h2>Epsilon Grup Profesyonel Yat\u0131r\u0131m Dan\u0131\u015fmanl\u0131\u011f\u0131<\/h2><p>Yat\u0131r\u0131m dan\u0131\u015fmanl\u0131\u011f\u0131 kapsam\u0131nda dikkat edilmesi gereken bir\u00e7ok \u00f6nemli ayr\u0131nt\u0131 bulunmaktad\u0131r. Bizler \u00e7al\u0131\u015fmalar\u0131m\u0131z s\u0131ras\u0131nda t\u00fcm bu detaylara uygun olarak hareket ediyoruz. Ayn\u0131 zamanda amat\u00f6r yat\u0131r\u0131m dan\u0131\u015fmanl\u0131klar\u0131n\u0131n destekleriyle verim elde etmenin bir hayli zor oldu\u011funu belirtmeliyiz. Bizler t\u00fcm bu a\u015famalarda Epsilon Grup olarak deneyim sahibi, e\u011fitimli ekibimizle \u00e7al\u0131\u015fmalar\u0131m\u0131z\u0131 s\u00fcrd\u00fcr\u00fcyoruz. Yat\u0131r\u0131m dan\u0131\u015fmanl\u0131\u011f\u0131 kapsam\u0131nda kurumsal bir kimlikle beraber hareket ediyoruz. \u00d6zellikle sekt\u00f6r\u00fcnde tan\u0131nan, alan\u0131nda ba\u015far\u0131 sahibi bir firma olarak \u00f6ne \u00e7\u0131k\u0131yor, hizmetlerimizi g\u00fcvenli bir \u015fekilde s\u00fcrd\u00fcrmeye devam ediyoruz.<\/p><p>Epsilon Grup ayr\u0131cal\u0131klar\u0131ndan yararlanarak risk fakt\u00f6rleri s\u00f6z konusu olmadan hizmetlerimizden faydalanabilirsiniz. Bizler uzun bir zamandan bu yana gerek bireysel gerekse kurumsal yat\u0131r\u0131m i\u015flemlerinde profesyonel dan\u0131\u015fmanl\u0131k hizmetleriyle fark yarat\u0131yoruz. Sekt\u00f6r\u00fcn en prestijli, en \u00e7ok tercih edilen yat\u0131r\u0131m dan\u0131\u015fmanl\u0131\u011f\u0131 firmas\u0131 olarak \u00f6ne \u00e7\u0131k\u0131yor, hizmetlerimiz i\u00e7erisinde profesyonellikten \u00f6d\u00fcn vermeden hareket etmeye devam ediyoruz.<\/p><p>Yat\u0131r\u0131mlardan y\u00fcksek kazan\u00e7 elde edilmesi i\u00e7in sa\u011fl\u0131kl\u0131 yat\u0131r\u0131m kararlar\u0131 vermenize odakl\u0131y\u0131z. Bu y\u00fczden riskli neticelerden ka\u00e7\u0131nman\u0131z i\u00e7in profesyonel yat\u0131r\u0131m dan\u0131\u015fmanl\u0131\u011f\u0131 hizmetlerinin faydal\u0131 olaca\u011f\u0131n\u0131 bilmelisiniz. Bizler, uzmanlar\u0131m\u0131zla beraber bilin\u00e7li bir \u015fekilde ilerlerken, s\u0131radan dan\u0131\u015fmanl\u0131k firmalar\u0131n\u0131n aksine prensiplerimize uygun olarak hareket etmeye \u00f6nem veriyoruz. Bundan \u00f6t\u00fcr\u00fc Epsilon Grup olarak sa\u011fl\u0131kl\u0131 kararlar alan, seri ve \u015feffaf bir firmay\u0131z. Son zamanlar\u0131n en \u00e7ok tercih edilen hizmet modellerinden olan yat\u0131r\u0131m dan\u0131\u015fmanl\u0131\u011f\u0131nda ihtiya\u00e7lar\u0131n ve beklentilerin \u00f6n\u00fcne ge\u00e7iyor, s\u00fcreci en iyi \u015fekilde de\u011ferlendiriyoruz.<\/p>\t\t\t\t\t<\/div>\n\t\t\t\t\t\t<\/div>\n\t\t\t\t<\/div>\n\t\t\t\t\t\t<\/div>\n\t\t\t\t\t<\/div>\n\t\t<\/div>\n\t\t\t\t\t\t\t\t<\/div>\n\t\t\t\t\t<\/div>\n\t\t<\/section>\n\t\t\t\t<section class=\"elementor-section elementor-top-section elementor-element elementor-element-5c284e1b elementor-section-stretched elementor-section-boxed elementor-section-height-default elementor-section-height-default\" data-id=\"5c284e1b\" data-element_type=\"section\" data-settings=\"{&quot;stretch_section&quot;:&quot;section-stretched&quot;,&quot;_ha_eqh_enable&quot;:false}\">\n\t\t\t\t\t\t<div class=\"elementor-container elementor-column-gap-default\">\n\t\t\t\t\t\t\t<div class=\"elementor-row\">\n\t\t\t\t\t<div class=\"elementor-column elementor-col-100 elementor-top-column elementor-element elementor-element-79ce9bb1\" data-id=\"79ce9bb1\" data-element_type=\"column\">\n\t\t\t<div class=\"elementor-column-wrap elementor-element-populated\">\n\t\t\t\t\t\t\t<div class=\"elementor-widget-wrap\">\n\t\t\t\t\t\t<div class=\"elementor-element elementor-element-467c94ba elementor-widget elementor-widget-shortcode\" data-id=\"467c94ba\" data-element_type=\"widget\" data-widget_type=\"shortcode.default\">\n\t\t\t\t<div class=\"elementor-widget-container\">\n\t\t\t\t\t<div class=\"elementor-shortcode\">\t\t<div data-elementor-type=\"section\" data-elementor-id=\"21827\" class=\"elementor elementor-21827\" data-elementor-post-type=\"elementor_library\">\n\t\t\t\t\t<div class=\"elementor-section-wrap\">\n\t\t\t\t\t\t\t\t<section class=\"elementor-section elementor-top-section elementor-element elementor-element-3ac79814 elementor-section-stretched elementor-section-boxed elementor-section-height-default elementor-section-height-default\" data-id=\"3ac79814\" data-element_type=\"section\" id=\"xs_cta_style_15\" data-settings=\"{&quot;stretch_section&quot;:&quot;section-stretched&quot;,&quot;_ha_eqh_enable&quot;:false}\">\n\t\t\t\t\t\t<div class=\"elementor-container elementor-column-gap-default\">\n\t\t\t\t\t\t\t<div class=\"elementor-row\">\n\t\t\t\t\t<div class=\"elementor-column elementor-col-100 elementor-top-column elementor-element elementor-element-5283ec51\" data-id=\"5283ec51\" data-element_type=\"column\">\n\t\t\t<div class=\"elementor-column-wrap elementor-element-populated\">\n\t\t\t\t\t\t\t<div class=\"elementor-widget-wrap\">\n\t\t\t\t\t\t<section class=\"elementor-section elementor-inner-section elementor-element elementor-element-24da166c elementor-section-full_width elementor-section-height-default elementor-section-height-default\" data-id=\"24da166c\" data-element_type=\"section\" data-settings=\"{&quot;_ha_eqh_enable&quot;:false}\">\n\t\t\t\t\t\t<div class=\"elementor-container elementor-column-gap-default\">\n\t\t\t\t\t\t\t<div class=\"elementor-row\">\n\t\t\t\t\t<div class=\"elementor-column elementor-col-50 elementor-inner-column elementor-element elementor-element-d6ce2b2\" data-id=\"d6ce2b2\" data-element_type=\"column\">\n\t\t\t<div class=\"elementor-column-wrap elementor-element-populated\">\n\t\t\t\t\t\t\t<div class=\"elementor-widget-wrap\">\n\t\t\t\t\t\t<div class=\"elementor-element elementor-element-779921c1 elementor-widget elementor-widget-elementskit-heading\" data-id=\"779921c1\" data-element_type=\"widget\" data-widget_type=\"elementskit-heading.default\">\n\t\t\t\t<div class=\"elementor-widget-container\">\n\t\t\t<div class=\"ekit-wid-con\" ><div class=\"ekit-heading elementskit-section-title-wraper text_left   ekit_heading_tablet-   ekit_heading_mobile-\"><h2 class=\"ekit-heading--title elementskit-section-title \">\u015eimdi Bizimle <span><span>\u0130leti\u015fime<\/span><\/span> Ge\u00e7iniz<\/h2>\t\t\t\t<div class='ekit-heading__description'>\n\t\t\t\t\t<p>Vatanda\u015fl\u0131k veya gayrimenkul hizmetlerimiz hakk\u0131nda detayl\u0131 bilgi almak i\u00e7in \u015fimdi bizimle ileti\u015fime ge\u00e7iniz.<\/p>\n\t\t\t\t<\/div>\n\t\t\t<\/div><\/div>\t\t<\/div>\n\t\t\t\t<\/div>\n\t\t\t\t\t\t<\/div>\n\t\t\t\t\t<\/div>\n\t\t<\/div>\n\t\t\t\t<div class=\"elementor-column elementor-col-50 elementor-inner-column elementor-element elementor-element-4b8c7703\" data-id=\"4b8c7703\" data-element_type=\"column\">\n\t\t\t<div class=\"elementor-column-wrap elementor-element-populated\">\n\t\t\t\t\t\t\t<div class=\"elementor-widget-wrap\">\n\t\t\t\t\t\t<div class=\"elementor-element elementor-element-6d6e49ce elementor-widget elementor-widget-elementskit-button\" data-id=\"6d6e49ce\" data-element_type=\"widget\" data-widget_type=\"elementskit-button.default\">\n\t\t\t\t<div class=\"elementor-widget-container\">\n\t\t\t<div class=\"ekit-wid-con\" >\t\t<div class=\"ekit-btn-wraper\">\n\t\t\t\t\t\t\t<a href=\"tel:+902125582600\" target=\"_blank\" class=\"elementskit-btn  whitespace--normal\" >\n\t\t\t\t\t+90 212 558 26 00\n\t\t\t\t\t<i aria-hidden=\"true\" class=\"fasicon icon-right-arrow\"><\/i>\n\t\t\t\t<\/a>\n\t\t\t\t\t\t<\/div>\n        <\/div>\t\t<\/div>\n\t\t\t\t<\/div>\n\t\t\t\t\t\t<\/div>\n\t\t\t\t\t<\/div>\n\t\t<\/div>\n\t\t\t\t\t\t\t\t<\/div>\n\t\t\t\t\t<\/div>\n\t\t<\/section>\n\t\t\t\t\t\t<\/div>\n\t\t\t\t\t<\/div>\n\t\t<\/div>\n\t\t\t\t\t\t\t\t<\/div>\n\t\t\t\t\t<\/div>\n\t\t<\/section>\n\t\t\t\t\t\t\t<\/div>\n\t\t\t\t<\/div>\n\t\t<\/div>\n\t\t\t\t<\/div>\n\t\t\t\t<\/div>\n\t\t\t\t\t\t<\/div>\n\t\t\t\t\t<\/div>\n\t\t<\/div>\n\t\t\t\t\t\t\t\t<\/div>\n\t\t\t\t\t<\/div>\n\t\t<\/section>\n\t\t\t\t\t\t\t\t\t<\/div>\n\t\t\t<\/div>\n\t\t\t\t\t<\/div>\n\t\t","protected":false},"excerpt":{"rendered":"<p>Yat\u0131r\u0131m Dan\u0131\u015fmanl\u0131\u011f\u0131 Yat\u0131r\u0131m dan\u0131\u015fmanl\u0131\u011f\u0131, sermaye piyasas\u0131 i\u00e7erisinde yer alan ara\u00e7lar\u0131n kar ve zarar analizlerinin yap\u0131lmas\u0131 ad\u0131na firma, \u015firket ve \u015fah\u0131slara verilen hizmettir. Yat\u0131r\u0131m Dan\u0131\u015fmanl\u0131\u011f\u0131 Yat\u0131r\u0131m dan\u0131\u015fmanl\u0131\u011f\u0131, sermaye piyasas\u0131 i\u00e7erisinde yer alan ara\u00e7lar\u0131n kar ve zarar analizlerinin yap\u0131lmas\u0131 ad\u0131na firma, \u015firket ve \u015fah\u0131slara verilen hizmettir. Bu hizmet yaz\u0131l\u0131 veyahut s\u00f6zl\u00fc tavsiyelerle desteklenmektedir. Di\u011fer yandan T\u00fcrkiye sermaye piyasas\u0131 incelendi\u011fi zaman, her g\u00fcn yeni bir yat\u0131r\u0131m arac\u0131n\u0131n &#8230;<\/p>\n","protected":false},"author":1,"featured_media":0,"parent":0,"menu_order":0,"comment_status":"closed","ping_status":"closed","template":"","meta":{"inline_featured_image":false,"footnotes":""},"class_list":["post-20561","page","type-page","status-publish","hentry"],"_links":{"self":[{"href":"https:\/\/epsilonn.com.tr\/tr\/wp-json\/wp\/v2\/pages\/20561","targetHints":{"allow":["GET"]}}],"collection":[{"href":"https:\/\/epsilonn.com.tr\/tr\/wp-json\/wp\/v2\/pages"}],"about":[{"href":"https:\/\/epsilonn.com.tr\/tr\/wp-json\/wp\/v2\/types\/page"}],"author":[{"embeddable":true,"href":"https:\/\/epsilonn.com.tr\/tr\/wp-json\/wp\/v2\/users\/1"}],"replies":[{"embeddable":true,"href":"https:\/\/epsilonn.com.tr\/tr\/wp-json\/wp\/v2\/comments?post=20561"}],"version-history":[{"count":0,"href":"https:\/\/epsilonn.com.tr\/tr\/wp-json\/wp\/v2\/pages\/20561\/revisions"}],"wp:attachment":[{"href":"https:\/\/epsilonn.com.tr\/tr\/wp-json\/wp\/v2\/media?parent=20561"}],"curies":[{"name":"wp","href":"https:\/\/api.w.org\/{rel}","templated":true}]}}