{"id":21155,"date":"2023-08-22T16:18:12","date_gmt":"2023-08-22T13:18:12","guid":{"rendered":"https:\/\/epsilonn.com.tr\/tr\/?page_id=21155"},"modified":"2023-09-19T17:05:34","modified_gmt":"2023-09-19T14:05:34","slug":"sonsuz-teknoloji-2","status":"publish","type":"page","link":"https:\/\/epsilonn.com.tr\/tr\/telefon\/sonsuz-teknoloji-2\/","title":{"rendered":"Sonsuz Teknoloji"},"content":{"rendered":"\t\t<div data-elementor-type=\"wp-page\" data-elementor-id=\"21155\" class=\"elementor elementor-21155\" data-elementor-post-type=\"page\">\n\t\t\t\t\t\t<div class=\"elementor-inner\">\n\t\t\t\t<div class=\"elementor-section-wrap\">\n\t\t\t\t\t\t\t\t\t<section class=\"elementor-section elementor-top-section elementor-element elementor-element-495d850d elementor-section-content-middle elementor-section-stretched elementor-section-boxed elementor-section-height-default elementor-section-height-default\" data-id=\"495d850d\" data-element_type=\"section\" data-settings=\"{&quot;stretch_section&quot;:&quot;section-stretched&quot;,&quot;background_background&quot;:&quot;classic&quot;,&quot;_ha_eqh_enable&quot;:false}\">\n\t\t\t\t\t\t<div class=\"elementor-container elementor-column-gap-default\">\n\t\t\t\t\t\t\t<div class=\"elementor-row\">\n\t\t\t\t\t<div class=\"elementor-column elementor-col-50 elementor-top-column elementor-element elementor-element-6e2fdf1\" data-id=\"6e2fdf1\" data-element_type=\"column\">\n\t\t\t<div class=\"elementor-column-wrap elementor-element-populated\">\n\t\t\t\t\t\t\t<div class=\"elementor-widget-wrap\">\n\t\t\t\t\t\t<div class=\"elementor-element elementor-element-70f8d30 elementor-widget elementor-widget-heading\" data-id=\"70f8d30\" data-element_type=\"widget\" data-widget_type=\"heading.default\">\n\t\t\t\t<div class=\"elementor-widget-container\">\n\t\t\t<h2 class=\"elementor-heading-title elementor-size-default\">Sonsuz Teknoloji<\/h2>\t\t<\/div>\n\t\t\t\t<\/div>\n\t\t\t\t<div class=\"elementor-element elementor-element-68e8596a elementor-widget elementor-widget-text-editor\" data-id=\"68e8596a\" data-element_type=\"widget\" data-widget_type=\"text-editor.default\">\n\t\t\t\t<div class=\"elementor-widget-container\">\n\t\t\t\t\t\t\t\t<div class=\"elementor-text-editor elementor-clearfix\">\n\t\t\t\t<p>Sonsuz teknoloji olarak hizmet vermeye ba\u015flad\u0131\u011f\u0131m\u0131z zamandan bu yana sahip oldu\u011fumuz bilgi birikimi ve tecr\u00fcbeyle ilerliyoruz. \u00dclkemizin ihtiya\u00e7lar\u0131n\u0131 baz alarak yurtd\u0131\u015f\u0131ndan ithal etti\u011fimiz teknolojik \u00fcr\u00fcnleri, yerel pazara da\u011f\u0131t\u0131yoruz.<\/p>\t\t\t\t\t<\/div>\n\t\t\t\t\t\t<\/div>\n\t\t\t\t<\/div>\n\t\t\t\t\t\t<\/div>\n\t\t\t\t\t<\/div>\n\t\t<\/div>\n\t\t\t\t<div class=\"elementor-column elementor-col-50 elementor-top-column elementor-element elementor-element-49ce0c10\" data-id=\"49ce0c10\" data-element_type=\"column\">\n\t\t\t<div class=\"elementor-column-wrap elementor-element-populated\">\n\t\t\t\t\t\t\t<div class=\"elementor-widget-wrap\">\n\t\t\t\t\t\t<div class=\"elementor-element elementor-element-722eaa2c elementor-widget elementor-widget-image\" data-id=\"722eaa2c\" data-element_type=\"widget\" data-widget_type=\"image.default\">\n\t\t\t\t<div class=\"elementor-widget-container\">\n\t\t\t\t\t\t\t\t<div class=\"elementor-image\">\n\t\t\t\t\t\t\t\t\t\t\t\t<img loading=\"lazy\" decoding=\"async\" width=\"500\" height=\"500\" src=\"https:\/\/epsilonn.com.tr\/tr\/wp-content\/uploads\/2023\/08\/image_29-removebg-preview.png\" class=\"attachment-large size-large wp-image-21165\" alt=\"\" srcset=\"https:\/\/epsilonn.com.tr\/tr\/wp-content\/uploads\/2023\/08\/image_29-removebg-preview.png 500w, https:\/\/epsilonn.com.tr\/tr\/wp-content\/uploads\/2023\/08\/image_29-removebg-preview-300x300.png 300w, https:\/\/epsilonn.com.tr\/tr\/wp-content\/uploads\/2023\/08\/image_29-removebg-preview-150x150.png 150w, https:\/\/epsilonn.com.tr\/tr\/wp-content\/uploads\/2023\/08\/image_29-removebg-preview-120x120.png 120w, https:\/\/epsilonn.com.tr\/tr\/wp-content\/uploads\/2023\/08\/image_29-removebg-preview-45x45.png 45w, https:\/\/epsilonn.com.tr\/tr\/wp-content\/uploads\/2023\/08\/image_29-removebg-preview-36x36.png 36w\" sizes=\"auto, (max-width: 500px) 100vw, 500px\" \/>\t\t\t\t\t\t\t\t\t\t\t\t\t\t<\/div>\n\t\t\t\t\t\t<\/div>\n\t\t\t\t<\/div>\n\t\t\t\t\t\t<\/div>\n\t\t\t\t\t<\/div>\n\t\t<\/div>\n\t\t\t\t\t\t\t\t<\/div>\n\t\t\t\t\t<\/div>\n\t\t<\/section>\n\t\t\t\t<section class=\"elementor-section elementor-top-section elementor-element elementor-element-396424e elementor-section-boxed elementor-section-height-default elementor-section-height-default\" data-id=\"396424e\" data-element_type=\"section\" data-settings=\"{&quot;_ha_eqh_enable&quot;:false}\">\n\t\t\t\t\t\t<div class=\"elementor-container elementor-column-gap-default\">\n\t\t\t\t\t\t\t<div class=\"elementor-row\">\n\t\t\t\t\t<div class=\"elementor-column elementor-col-100 elementor-top-column elementor-element elementor-element-54c7fa8\" data-id=\"54c7fa8\" data-element_type=\"column\">\n\t\t\t<div class=\"elementor-column-wrap elementor-element-populated\">\n\t\t\t\t\t\t\t<div class=\"elementor-widget-wrap\">\n\t\t\t\t\t\t<div class=\"elementor-element elementor-element-9d38685 elementor-widget elementor-widget-text-editor\" data-id=\"9d38685\" data-element_type=\"widget\" data-widget_type=\"text-editor.default\">\n\t\t\t\t<div class=\"elementor-widget-container\">\n\t\t\t\t\t\t\t\t<div class=\"elementor-text-editor elementor-clearfix\">\n\t\t\t\t<p>Sonsuz teknoloji olarak hizmet vermeye ba\u015flad\u0131\u011f\u0131m\u0131z zamandan bu yana sahip oldu\u011fumuz bilgi birikimi ve tecr\u00fcbeyle ilerliyoruz. \u00dclkemizin ihtiya\u00e7lar\u0131n\u0131 baz alarak yurtd\u0131\u015f\u0131ndan ithal etti\u011fimiz teknolojik \u00fcr\u00fcnleri, yerel pazara da\u011f\u0131t\u0131yoruz. Sundu\u011fumuz avantajlar ve bar\u0131nd\u0131rd\u0131\u011f\u0131m\u0131z uzman bak\u0131\u015f a\u00e7\u0131s\u0131 sayesinde T\u00fcrkiye teknoloji sahas\u0131n\u0131n \u00f6ne \u00e7\u0131kan isimlerinden biri olarak an\u0131l\u0131yor, yerel pazardaki yerimizi korumaya devam ediyoruz. Kuruldu\u011fumuz zamandan beridir hedef kitlemizi g\u00fcnden g\u00fcne b\u00fcy\u00fct\u00fcyor, potansiyel kitle gereksinimlerini ve beklentilerini en iyi \u015fekilde kar\u015f\u0131lamaya odakl\u0131 \u015fekilde hareket ediyoruz. \u00dclkemizin yenilikle ilgili gereksinimlerine kar\u015f\u0131 olduk\u00e7a hassas\u0131z. Bundan \u00f6t\u00fcr\u00fc \u00e7al\u0131\u015fmalar\u0131m\u0131z s\u0131ras\u0131nda sekt\u00f6r\u00fc g\u00fcncel olarak takip ediyor, k\u00fcresel teknoloji pazar\u0131n\u0131n ad\u0131mlar\u0131n\u0131 anl\u0131k olarak takip ediyoruz.<\/p>\t\t\t\t\t<\/div>\n\t\t\t\t\t\t<\/div>\n\t\t\t\t<\/div>\n\t\t\t\t\t\t<\/div>\n\t\t\t\t\t<\/div>\n\t\t<\/div>\n\t\t\t\t\t\t\t\t<\/div>\n\t\t\t\t\t<\/div>\n\t\t<\/section>\n\t\t\t\t<section class=\"elementor-section elementor-top-section elementor-element elementor-element-beef75a elementor-section-boxed elementor-section-height-default elementor-section-height-default\" data-id=\"beef75a\" data-element_type=\"section\" data-settings=\"{&quot;_ha_eqh_enable&quot;:false}\">\n\t\t\t\t\t\t<div class=\"elementor-container elementor-column-gap-default\">\n\t\t\t\t\t\t\t<div class=\"elementor-row\">\n\t\t\t\t\t<div class=\"elementor-column elementor-col-100 elementor-top-column elementor-element elementor-element-045c094\" data-id=\"045c094\" data-element_type=\"column\">\n\t\t\t<div class=\"elementor-column-wrap elementor-element-populated\">\n\t\t\t\t\t\t\t<div class=\"elementor-widget-wrap\">\n\t\t\t\t\t\t<div class=\"elementor-element elementor-element-4f6fba5 elementor-widget elementor-widget-spacer\" data-id=\"4f6fba5\" data-element_type=\"widget\" data-widget_type=\"spacer.default\">\n\t\t\t\t<div class=\"elementor-widget-container\">\n\t\t\t\t\t<div class=\"elementor-spacer\">\n\t\t\t<div class=\"elementor-spacer-inner\"><\/div>\n\t\t<\/div>\n\t\t\t\t<\/div>\n\t\t\t\t<\/div>\n\t\t\t\t\t\t<\/div>\n\t\t\t\t\t<\/div>\n\t\t<\/div>\n\t\t\t\t\t\t\t\t<\/div>\n\t\t\t\t\t<\/div>\n\t\t<\/section>\n\t\t\t\t<section class=\"elementor-section elementor-top-section elementor-element elementor-element-3a551ef elementor-section-boxed elementor-section-height-default elementor-section-height-default\" data-id=\"3a551ef\" data-element_type=\"section\" data-settings=\"{&quot;_ha_eqh_enable&quot;:false}\">\n\t\t\t\t\t\t<div class=\"elementor-container elementor-column-gap-default\">\n\t\t\t\t\t\t\t<div class=\"elementor-row\">\n\t\t\t\t\t<div class=\"elementor-column elementor-col-50 elementor-top-column elementor-element elementor-element-86ca331\" data-id=\"86ca331\" data-element_type=\"column\">\n\t\t\t<div class=\"elementor-column-wrap elementor-element-populated\">\n\t\t\t\t\t\t\t<div class=\"elementor-widget-wrap\">\n\t\t\t\t\t\t<div class=\"elementor-element elementor-element-dc7a421 elementor-widget elementor-widget-image\" data-id=\"dc7a421\" data-element_type=\"widget\" data-widget_type=\"image.default\">\n\t\t\t\t<div class=\"elementor-widget-container\">\n\t\t\t\t\t\t\t\t<div class=\"elementor-image\">\n\t\t\t\t\t\t\t\t\t\t\t\t<img loading=\"lazy\" decoding=\"async\" width=\"300\" height=\"300\" src=\"https:\/\/epsilonn.com.tr\/tr\/wp-content\/uploads\/2023\/08\/image_30-removebg-preview-300x300.png\" class=\"attachment-medium size-medium wp-image-21164\" alt=\"\" srcset=\"https:\/\/epsilonn.com.tr\/tr\/wp-content\/uploads\/2023\/08\/image_30-removebg-preview-300x300.png 300w, https:\/\/epsilonn.com.tr\/tr\/wp-content\/uploads\/2023\/08\/image_30-removebg-preview-150x150.png 150w, https:\/\/epsilonn.com.tr\/tr\/wp-content\/uploads\/2023\/08\/image_30-removebg-preview-120x120.png 120w, https:\/\/epsilonn.com.tr\/tr\/wp-content\/uploads\/2023\/08\/image_30-removebg-preview-45x45.png 45w, https:\/\/epsilonn.com.tr\/tr\/wp-content\/uploads\/2023\/08\/image_30-removebg-preview-36x36.png 36w, https:\/\/epsilonn.com.tr\/tr\/wp-content\/uploads\/2023\/08\/image_30-removebg-preview.png 500w\" sizes=\"auto, (max-width: 300px) 100vw, 300px\" \/>\t\t\t\t\t\t\t\t\t\t\t\t\t\t<\/div>\n\t\t\t\t\t\t<\/div>\n\t\t\t\t<\/div>\n\t\t\t\t\t\t<\/div>\n\t\t\t\t\t<\/div>\n\t\t<\/div>\n\t\t\t\t<div class=\"elementor-column elementor-col-50 elementor-top-column elementor-element elementor-element-8503542\" data-id=\"8503542\" data-element_type=\"column\">\n\t\t\t<div class=\"elementor-column-wrap elementor-element-populated\">\n\t\t\t\t\t\t\t<div class=\"elementor-widget-wrap\">\n\t\t\t\t\t\t<div class=\"elementor-element elementor-element-37420b5 elementor-widget elementor-widget-image\" data-id=\"37420b5\" data-element_type=\"widget\" data-widget_type=\"image.default\">\n\t\t\t\t<div class=\"elementor-widget-container\">\n\t\t\t\t\t\t\t\t<div class=\"elementor-image\">\n\t\t\t\t\t\t\t\t\t\t\t\t<img loading=\"lazy\" decoding=\"async\" width=\"300\" height=\"300\" src=\"https:\/\/epsilonn.com.tr\/tr\/wp-content\/uploads\/2023\/08\/image_29-removebg-preview-300x300.png\" class=\"attachment-medium size-medium wp-image-21165\" alt=\"\" srcset=\"https:\/\/epsilonn.com.tr\/tr\/wp-content\/uploads\/2023\/08\/image_29-removebg-preview-300x300.png 300w, https:\/\/epsilonn.com.tr\/tr\/wp-content\/uploads\/2023\/08\/image_29-removebg-preview-150x150.png 150w, https:\/\/epsilonn.com.tr\/tr\/wp-content\/uploads\/2023\/08\/image_29-removebg-preview-120x120.png 120w, https:\/\/epsilonn.com.tr\/tr\/wp-content\/uploads\/2023\/08\/image_29-removebg-preview-45x45.png 45w, https:\/\/epsilonn.com.tr\/tr\/wp-content\/uploads\/2023\/08\/image_29-removebg-preview-36x36.png 36w, https:\/\/epsilonn.com.tr\/tr\/wp-content\/uploads\/2023\/08\/image_29-removebg-preview.png 500w\" sizes=\"auto, (max-width: 300px) 100vw, 300px\" \/>\t\t\t\t\t\t\t\t\t\t\t\t\t\t<\/div>\n\t\t\t\t\t\t<\/div>\n\t\t\t\t<\/div>\n\t\t\t\t\t\t<\/div>\n\t\t\t\t\t<\/div>\n\t\t<\/div>\n\t\t\t\t\t\t\t\t<\/div>\n\t\t\t\t\t<\/div>\n\t\t<\/section>\n\t\t\t\t<section class=\"elementor-section elementor-top-section elementor-element elementor-element-52bf608 elementor-section-boxed elementor-section-height-default elementor-section-height-default\" data-id=\"52bf608\" data-element_type=\"section\" data-settings=\"{&quot;_ha_eqh_enable&quot;:false}\">\n\t\t\t\t\t\t<div class=\"elementor-container elementor-column-gap-default\">\n\t\t\t\t\t\t\t<div class=\"elementor-row\">\n\t\t\t\t\t<div class=\"elementor-column elementor-col-100 elementor-top-column elementor-element elementor-element-2c93746\" data-id=\"2c93746\" data-element_type=\"column\">\n\t\t\t<div class=\"elementor-column-wrap elementor-element-populated\">\n\t\t\t\t\t\t\t<div class=\"elementor-widget-wrap\">\n\t\t\t\t\t\t<div class=\"elementor-element elementor-element-5ca39d3 elementor-widget elementor-widget-spacer\" data-id=\"5ca39d3\" data-element_type=\"widget\" data-widget_type=\"spacer.default\">\n\t\t\t\t<div class=\"elementor-widget-container\">\n\t\t\t\t\t<div class=\"elementor-spacer\">\n\t\t\t<div class=\"elementor-spacer-inner\"><\/div>\n\t\t<\/div>\n\t\t\t\t<\/div>\n\t\t\t\t<\/div>\n\t\t\t\t\t\t<\/div>\n\t\t\t\t\t<\/div>\n\t\t<\/div>\n\t\t\t\t\t\t\t\t<\/div>\n\t\t\t\t\t<\/div>\n\t\t<\/section>\n\t\t\t\t<section class=\"elementor-section elementor-top-section elementor-element elementor-element-399b8b94 elementor-section-stretched elementor-section-boxed elementor-section-height-default elementor-section-height-default\" data-id=\"399b8b94\" data-element_type=\"section\" data-settings=\"{&quot;stretch_section&quot;:&quot;section-stretched&quot;,&quot;_ha_eqh_enable&quot;:false}\">\n\t\t\t\t\t\t<div class=\"elementor-container elementor-column-gap-default\">\n\t\t\t\t\t\t\t<div class=\"elementor-row\">\n\t\t\t\t\t<div class=\"elementor-column elementor-col-100 elementor-top-column elementor-element elementor-element-226f83a9\" data-id=\"226f83a9\" data-element_type=\"column\">\n\t\t\t<div class=\"elementor-column-wrap elementor-element-populated\">\n\t\t\t\t\t\t\t<div class=\"elementor-widget-wrap\">\n\t\t\t\t\t\t<div class=\"elementor-element elementor-element-1e6a9ae0 elementor-widget elementor-widget-shortcode\" data-id=\"1e6a9ae0\" data-element_type=\"widget\" data-widget_type=\"shortcode.default\">\n\t\t\t\t<div class=\"elementor-widget-container\">\n\t\t\t\t\t<div class=\"elementor-shortcode\">\t\t<div data-elementor-type=\"section\" data-elementor-id=\"21827\" class=\"elementor elementor-21827\" data-elementor-post-type=\"elementor_library\">\n\t\t\t\t\t<div class=\"elementor-section-wrap\">\n\t\t\t\t\t\t\t\t<section class=\"elementor-section elementor-top-section elementor-element elementor-element-3ac79814 elementor-section-stretched elementor-section-boxed elementor-section-height-default elementor-section-height-default\" data-id=\"3ac79814\" data-element_type=\"section\" id=\"xs_cta_style_15\" data-settings=\"{&quot;stretch_section&quot;:&quot;section-stretched&quot;,&quot;_ha_eqh_enable&quot;:false}\">\n\t\t\t\t\t\t<div class=\"elementor-container elementor-column-gap-default\">\n\t\t\t\t\t\t\t<div class=\"elementor-row\">\n\t\t\t\t\t<div class=\"elementor-column elementor-col-100 elementor-top-column elementor-element elementor-element-5283ec51\" data-id=\"5283ec51\" data-element_type=\"column\">\n\t\t\t<div class=\"elementor-column-wrap elementor-element-populated\">\n\t\t\t\t\t\t\t<div class=\"elementor-widget-wrap\">\n\t\t\t\t\t\t<section class=\"elementor-section elementor-inner-section elementor-element elementor-element-24da166c elementor-section-full_width elementor-section-height-default elementor-section-height-default\" data-id=\"24da166c\" data-element_type=\"section\" data-settings=\"{&quot;_ha_eqh_enable&quot;:false}\">\n\t\t\t\t\t\t<div class=\"elementor-container elementor-column-gap-default\">\n\t\t\t\t\t\t\t<div class=\"elementor-row\">\n\t\t\t\t\t<div class=\"elementor-column elementor-col-50 elementor-inner-column elementor-element elementor-element-d6ce2b2\" data-id=\"d6ce2b2\" data-element_type=\"column\">\n\t\t\t<div class=\"elementor-column-wrap elementor-element-populated\">\n\t\t\t\t\t\t\t<div class=\"elementor-widget-wrap\">\n\t\t\t\t\t\t<div class=\"elementor-element elementor-element-779921c1 elementor-widget elementor-widget-elementskit-heading\" data-id=\"779921c1\" data-element_type=\"widget\" data-widget_type=\"elementskit-heading.default\">\n\t\t\t\t<div class=\"elementor-widget-container\">\n\t\t\t<div class=\"ekit-wid-con\" ><div class=\"ekit-heading elementskit-section-title-wraper text_left   ekit_heading_tablet-   ekit_heading_mobile-\"><h2 class=\"ekit-heading--title elementskit-section-title \">\u015eimdi Bizimle <span><span>\u0130leti\u015fime<\/span><\/span> Ge\u00e7iniz<\/h2>\t\t\t\t<div class='ekit-heading__description'>\n\t\t\t\t\t<p>Vatanda\u015fl\u0131k veya gayrimenkul hizmetlerimiz hakk\u0131nda detayl\u0131 bilgi almak i\u00e7in \u015fimdi bizimle ileti\u015fime ge\u00e7iniz.<\/p>\n\t\t\t\t<\/div>\n\t\t\t<\/div><\/div>\t\t<\/div>\n\t\t\t\t<\/div>\n\t\t\t\t\t\t<\/div>\n\t\t\t\t\t<\/div>\n\t\t<\/div>\n\t\t\t\t<div class=\"elementor-column elementor-col-50 elementor-inner-column elementor-element elementor-element-4b8c7703\" data-id=\"4b8c7703\" data-element_type=\"column\">\n\t\t\t<div class=\"elementor-column-wrap elementor-element-populated\">\n\t\t\t\t\t\t\t<div class=\"elementor-widget-wrap\">\n\t\t\t\t\t\t<div class=\"elementor-element elementor-element-6d6e49ce elementor-widget elementor-widget-elementskit-button\" data-id=\"6d6e49ce\" data-element_type=\"widget\" data-widget_type=\"elementskit-button.default\">\n\t\t\t\t<div class=\"elementor-widget-container\">\n\t\t\t<div class=\"ekit-wid-con\" >\t\t<div class=\"ekit-btn-wraper\">\n\t\t\t\t\t\t\t<a href=\"tel:+902125582600\" target=\"_blank\" class=\"elementskit-btn  whitespace--normal\" >\n\t\t\t\t\t+90 212 558 26 00\n\t\t\t\t\t<i aria-hidden=\"true\" class=\"fasicon icon-right-arrow\"><\/i>\n\t\t\t\t<\/a>\n\t\t\t\t\t\t<\/div>\n        <\/div>\t\t<\/div>\n\t\t\t\t<\/div>\n\t\t\t\t\t\t<\/div>\n\t\t\t\t\t<\/div>\n\t\t<\/div>\n\t\t\t\t\t\t\t\t<\/div>\n\t\t\t\t\t<\/div>\n\t\t<\/section>\n\t\t\t\t\t\t<\/div>\n\t\t\t\t\t<\/div>\n\t\t<\/div>\n\t\t\t\t\t\t\t\t<\/div>\n\t\t\t\t\t<\/div>\n\t\t<\/section>\n\t\t\t\t\t\t\t<\/div>\n\t\t\t\t<\/div>\n\t\t<\/div>\n\t\t\t\t<\/div>\n\t\t\t\t<\/div>\n\t\t\t\t\t\t<\/div>\n\t\t\t\t\t<\/div>\n\t\t<\/div>\n\t\t\t\t\t\t\t\t<\/div>\n\t\t\t\t\t<\/div>\n\t\t<\/section>\n\t\t\t\t\t\t\t\t\t<\/div>\n\t\t\t<\/div>\n\t\t\t\t\t<\/div>\n\t\t","protected":false},"excerpt":{"rendered":"<p>Sonsuz Teknoloji Sonsuz teknoloji olarak hizmet vermeye ba\u015flad\u0131\u011f\u0131m\u0131z zamandan bu yana sahip oldu\u011fumuz bilgi birikimi ve tecr\u00fcbeyle ilerliyoruz. \u00dclkemizin ihtiya\u00e7lar\u0131n\u0131 baz alarak yurtd\u0131\u015f\u0131ndan ithal etti\u011fimiz teknolojik \u00fcr\u00fcnleri, yerel pazara da\u011f\u0131t\u0131yoruz. Sonsuz teknoloji olarak hizmet vermeye ba\u015flad\u0131\u011f\u0131m\u0131z zamandan bu yana sahip oldu\u011fumuz bilgi birikimi ve tecr\u00fcbeyle ilerliyoruz. \u00dclkemizin ihtiya\u00e7lar\u0131n\u0131 baz alarak yurtd\u0131\u015f\u0131ndan ithal etti\u011fimiz teknolojik \u00fcr\u00fcnleri, yerel pazara da\u011f\u0131t\u0131yoruz. Sundu\u011fumuz avantajlar ve bar\u0131nd\u0131rd\u0131\u011f\u0131m\u0131z uzman bak\u0131\u015f &#8230;<\/p>\n","protected":false},"author":2,"featured_media":0,"parent":20908,"menu_order":0,"comment_status":"closed","ping_status":"closed","template":"","meta":{"inline_featured_image":false,"footnotes":""},"class_list":["post-21155","page","type-page","status-publish","hentry"],"_links":{"self":[{"href":"https:\/\/epsilonn.com.tr\/tr\/wp-json\/wp\/v2\/pages\/21155","targetHints":{"allow":["GET"]}}],"collection":[{"href":"https:\/\/epsilonn.com.tr\/tr\/wp-json\/wp\/v2\/pages"}],"about":[{"href":"https:\/\/epsilonn.com.tr\/tr\/wp-json\/wp\/v2\/types\/page"}],"author":[{"embeddable":true,"href":"https:\/\/epsilonn.com.tr\/tr\/wp-json\/wp\/v2\/users\/2"}],"replies":[{"embeddable":true,"href":"https:\/\/epsilonn.com.tr\/tr\/wp-json\/wp\/v2\/comments?post=21155"}],"version-history":[{"count":0,"href":"https:\/\/epsilonn.com.tr\/tr\/wp-json\/wp\/v2\/pages\/21155\/revisions"}],"up":[{"embeddable":true,"href":"https:\/\/epsilonn.com.tr\/tr\/wp-json\/wp\/v2\/pages\/20908"}],"wp:attachment":[{"href":"https:\/\/epsilonn.com.tr\/tr\/wp-json\/wp\/v2\/media?parent=21155"}],"curies":[{"name":"wp","href":"https:\/\/api.w.org\/{rel}","templated":true}]}}